{"id":10,"date":"2019-10-28T14:38:43","date_gmt":"2019-10-28T14:38:43","guid":{"rendered":"http:\/\/www.weninger-gems.at\/?page_id=10"},"modified":"2020-11-29T20:08:10","modified_gmt":"2020-11-29T20:08:10","slug":"kontakt","status":"publish","type":"page","link":"http:\/\/www.weninger-gems.at\/?page_id=10","title":{"rendered":"Impressum"},"content":{"rendered":"<h4>F\u00fcr den Seiteninhalt verantwortlich:<\/h4>\n<p>DI Bernhard Weninger<br \/>\nA &#8211; 2483 Ebreichsdorf<\/p>\n<h4>Kontakt<strong>:<\/strong><\/h4>\n<p>office@weninger-gems.at<\/p>\n<p><strong>Steuernummer:<\/strong><\/p>\n<p>ATU74380868<\/p>\n<p><strong>Bankverbindung<\/strong>:<\/p>\n<p>Raiffeisenbank Region Baden<\/p>\n<p>IBAN AT88 3204 5000 0109 6023, BIC RLNWATWWBAD<\/p>\n<h4 id=\"heading__Datenschutzerklaerung_\">Datenschutzerkl\u00e4rung:<\/h4>\n<p>Der Schutz Ihrer pers\u00f6nlichen Daten ist uns ein besonderes Anliegen. Wir verarbeiten Ihre Daten daher ausschlie\u00dflich auf Grundlage der gesetzlichen Bestimmungen (DSGVO, TKG 2003). In diesen Datenschutzinformationen informieren wir Sie \u00fcber die wichtigsten Aspekte der Datenverarbeitung im Rahmen unserer Website.<\/p>\n<p>Wenn Sie per Formular auf der Website oder per E-Mail Kontakt mit uns aufnehmen, werden Ihre angegebenen Daten zwecks Bearbeitung der Anfrage und f\u00fcr den Fall von Anschlussfragen sechs Monate bei uns gespeichert. Diese Daten geben wir nicht ohne Ihre Einwilligung weiter.<\/p>\n<p>Unsere Website verwendet so genannte Cookies. Dabei handelt es sich um kleine Textdateien, die mit Hilfe des Browsers auf Ihrem Endger\u00e4t abgelegt werden. Sie richten keinen Schaden an.<br \/>\nWir nutzen Cookies dazu, unser Angebot nutzerfreundlich zu gestalten. Einige Cookies bleiben auf Ihrem Endger\u00e4t gespeichert, bis Sie diese l\u00f6schen. Sie erm\u00f6glichen es uns, Ihren Browser beim n\u00e4chsten Besuch wiederzuerkennen.<br \/>\nWenn Sie dies nicht w\u00fcnschen, so k\u00f6nnen Sie Ihren Browser so einrichten, dass er Sie \u00fcber das Setzen von Cookies informiert und Sie dies nur im Einzelfall erlauben.<br \/>\nBei der Deaktivierung von Cookies kann die Funktionalit\u00e4t unserer Website eingeschr\u00e4nkt sein.<br \/>\nIhnen stehen bez\u00fcglich Ihrer bei uns gespeicherten Daten\u00a0grunds\u00e4tzlich die Rechte auf Auskunft, Berichtigung, L\u00f6schung, Einschr\u00e4nkung, Daten\u00fcbertragbarkeit, Widerruf und Widerspruch zu. Wenn Sie glauben, dass die Verarbeitung Ihrer Daten gegen das Datenschutzrecht verst\u00f6\u00dft oder Ihre datenschutzrechtlichen Anspr\u00fcche sonst in einer Weise verletzt worden sind, k\u00f6nnen Sie sich bei der\u00a0uns <i>[office@weninger-gems.at]<\/i> oder der Datenschutzbeh\u00f6rde beschweren.<\/p>\n<h4>Foto Credits:<\/h4>\n<p>Bernhard Weninger, Alex Wagner, adobe stock<\/p>\n","protected":false},"excerpt":{"rendered":"<p>F\u00fcr den Seiteninhalt verantwortlich: DI Bernhard Weninger A &#8211; 2483 Ebreichsdorf Kontakt: office@weninger-gems.at Steuernummer: ATU74380868 Bankverbindung: Raiffeisenbank Region Baden IBAN AT88 3204 5000 0109 6023, BIC RLNWATWWBAD Datenschutzerkl\u00e4rung: Der Schutz Ihrer pers\u00f6nlichen Daten ist uns ein besonderes Anliegen. Wir verarbeiten Ihre Daten daher ausschlie\u00dflich auf Grundlage der gesetzlichen Bestimmungen (DSGVO, TKG 2003). In diesen Datenschutzinformationen &hellip; <\/p>\n<p class=\"link-more\"><a href=\"http:\/\/www.weninger-gems.at\/?page_id=10\" class=\"more-link\"><span class=\"screen-reader-text\">\u201eImpressum\u201c<\/span> weiterlesen<\/a><\/p>\n","protected":false},"author":1,"featured_media":0,"parent":0,"menu_order":0,"comment_status":"closed","ping_status":"closed","template":"","meta":[],"_links":{"self":[{"href":"http:\/\/www.weninger-gems.at\/index.php?rest_route=\/wp\/v2\/pages\/10"}],"collection":[{"href":"http:\/\/www.weninger-gems.at\/index.php?rest_route=\/wp\/v2\/pages"}],"about":[{"href":"http:\/\/www.weninger-gems.at\/index.php?rest_route=\/wp\/v2\/types\/page"}],"author":[{"embeddable":true,"href":"http:\/\/www.weninger-gems.at\/index.php?rest_route=\/wp\/v2\/users\/1"}],"replies":[{"embeddable":true,"href":"http:\/\/www.weninger-gems.at\/index.php?rest_route=%2Fwp%2Fv2%2Fcomments&post=10"}],"version-history":[{"count":9,"href":"http:\/\/www.weninger-gems.at\/index.php?rest_route=\/wp\/v2\/pages\/10\/revisions"}],"predecessor-version":[{"id":381,"href":"http:\/\/www.weninger-gems.at\/index.php?rest_route=\/wp\/v2\/pages\/10\/revisions\/381"}],"wp:attachment":[{"href":"http:\/\/www.weninger-gems.at\/index.php?rest_route=%2Fwp%2Fv2%2Fmedia&parent=10"}],"curies":[{"name":"wp","href":"https:\/\/api.w.org\/{rel}","templated":true}]}}