{"id":394,"date":"2020-11-29T21:22:49","date_gmt":"2020-11-29T21:22:49","guid":{"rendered":"http:\/\/www.weninger-gems.at\/?page_id=394"},"modified":"2020-12-13T19:46:18","modified_gmt":"2020-12-13T19:46:18","slug":"turmaline","status":"publish","type":"page","link":"http:\/\/www.weninger-gems.at\/?page_id=394","title":{"rendered":"Paraiba-Turmaline"},"content":{"rendered":"\n<p>Immer gr\u00f6\u00dferer Beliebtheit erfreut sich der kupferhaltige t\u00fcrkise bis blaue Paraiba-Turmalin, der sich auch preism\u00e4\u00dfig im Spitzenfeld aller Edelsteine findet&#8230;<\/p>\n\n\n\n<figure class=\"wp-block-gallery columns-2 is-cropped\"><ul class=\"blocks-gallery-grid\"><li class=\"blocks-gallery-item\"><figure><img loading=\"lazy\" width=\"1024\" height=\"779\" src=\"http:\/\/www.weninger-gems.at\/wp-content\/uploads\/2020\/11\/IMG_0024-1-1024x779.jpg\" alt=\"\" data-id=\"398\" class=\"wp-image-398\" srcset=\"http:\/\/www.weninger-gems.at\/wp-content\/uploads\/2020\/11\/IMG_0024-1-1024x779.jpg 1024w, http:\/\/www.weninger-gems.at\/wp-content\/uploads\/2020\/11\/IMG_0024-1-300x228.jpg 300w, http:\/\/www.weninger-gems.at\/wp-content\/uploads\/2020\/11\/IMG_0024-1-768x584.jpg 768w, http:\/\/www.weninger-gems.at\/wp-content\/uploads\/2020\/11\/IMG_0024-1-1536x1168.jpg 1536w, http:\/\/www.weninger-gems.at\/wp-content\/uploads\/2020\/11\/IMG_0024-1-2048x1558.jpg 2048w\" sizes=\"(max-width: 706px) 89vw, (max-width: 767px) 82vw, 740px\" \/><\/figure><\/li><li class=\"blocks-gallery-item\"><figure><img loading=\"lazy\" width=\"1024\" height=\"864\" src=\"http:\/\/www.weninger-gems.at\/wp-content\/uploads\/2020\/11\/IMG_0020-1024x864.jpg\" alt=\"\" data-id=\"407\" data-full-url=\"http:\/\/www.weninger-gems.at\/wp-content\/uploads\/2020\/11\/IMG_0020-scaled.jpg\" data-link=\"http:\/\/www.weninger-gems.at\/?attachment_id=407\" class=\"wp-image-407\" srcset=\"http:\/\/www.weninger-gems.at\/wp-content\/uploads\/2020\/11\/IMG_0020-1024x864.jpg 1024w, http:\/\/www.weninger-gems.at\/wp-content\/uploads\/2020\/11\/IMG_0020-300x253.jpg 300w, http:\/\/www.weninger-gems.at\/wp-content\/uploads\/2020\/11\/IMG_0020-768x648.jpg 768w, http:\/\/www.weninger-gems.at\/wp-content\/uploads\/2020\/11\/IMG_0020-1536x1296.jpg 1536w, http:\/\/www.weninger-gems.at\/wp-content\/uploads\/2020\/11\/IMG_0020-2048x1728.jpg 2048w\" sizes=\"(max-width: 706px) 89vw, (max-width: 767px) 82vw, 740px\" \/><\/figure><\/li><\/ul><figcaption class=\"blocks-gallery-caption\">Paraiba Turmaline Brasilien rd.fac. ca 3mm &#8211; 0,37ct (Art. TUR-P25)<\/figcaption><\/figure>\n\n\n\n<figure class=\"wp-block-gallery columns-2 is-cropped\"><ul class=\"blocks-gallery-grid\"><li class=\"blocks-gallery-item\"><figure><img loading=\"lazy\" width=\"1024\" height=\"916\" src=\"http:\/\/www.weninger-gems.at\/wp-content\/uploads\/2020\/11\/IMG_0001-1024x916.jpg\" alt=\"\" data-id=\"400\" data-full-url=\"http:\/\/www.weninger-gems.at\/wp-content\/uploads\/2020\/11\/IMG_0001-scaled.jpg\" data-link=\"http:\/\/www.weninger-gems.at\/?attachment_id=400\" class=\"wp-image-400\" srcset=\"http:\/\/www.weninger-gems.at\/wp-content\/uploads\/2020\/11\/IMG_0001-1024x916.jpg 1024w, http:\/\/www.weninger-gems.at\/wp-content\/uploads\/2020\/11\/IMG_0001-300x268.jpg 300w, http:\/\/www.weninger-gems.at\/wp-content\/uploads\/2020\/11\/IMG_0001-768x687.jpg 768w, http:\/\/www.weninger-gems.at\/wp-content\/uploads\/2020\/11\/IMG_0001-1536x1373.jpg 1536w, http:\/\/www.weninger-gems.at\/wp-content\/uploads\/2020\/11\/IMG_0001-2048x1831.jpg 2048w\" sizes=\"(max-width: 706px) 89vw, (max-width: 767px) 82vw, 740px\" \/><\/figure><\/li><li class=\"blocks-gallery-item\"><figure><img loading=\"lazy\" width=\"1024\" height=\"788\" src=\"http:\/\/www.weninger-gems.at\/wp-content\/uploads\/2020\/11\/IMG_0001_1-1024x788.jpg\" alt=\"\" data-id=\"401\" data-full-url=\"http:\/\/www.weninger-gems.at\/wp-content\/uploads\/2020\/11\/IMG_0001_1.jpg\" data-link=\"http:\/\/www.weninger-gems.at\/?attachment_id=401\" class=\"wp-image-401\" srcset=\"http:\/\/www.weninger-gems.at\/wp-content\/uploads\/2020\/11\/IMG_0001_1-1024x788.jpg 1024w, http:\/\/www.weninger-gems.at\/wp-content\/uploads\/2020\/11\/IMG_0001_1-300x231.jpg 300w, http:\/\/www.weninger-gems.at\/wp-content\/uploads\/2020\/11\/IMG_0001_1-768x591.jpg 768w, http:\/\/www.weninger-gems.at\/wp-content\/uploads\/2020\/11\/IMG_0001_1.jpg 1271w\" sizes=\"(max-width: 706px) 89vw, (max-width: 767px) 82vw, 740px\" \/><\/figure><\/li><\/ul><figcaption class=\"blocks-gallery-caption\">Paraiba Turmaline Brasilien oval Cabochon Ges. 1,73ct (st\u00fcckweise abzugeben, Art. TUR-P24)<\/figcaption><\/figure>\n\n\n\n<figure class=\"wp-block-gallery columns-2 is-cropped\"><ul class=\"blocks-gallery-grid\"><li class=\"blocks-gallery-item\"><figure><img loading=\"lazy\" width=\"1024\" height=\"683\" src=\"http:\/\/www.weninger-gems.at\/wp-content\/uploads\/2020\/11\/IMG_0008-1-1024x683.jpg\" alt=\"\" data-id=\"403\" data-full-url=\"http:\/\/www.weninger-gems.at\/wp-content\/uploads\/2020\/11\/IMG_0008-1-scaled.jpg\" data-link=\"http:\/\/www.weninger-gems.at\/?attachment_id=403\" class=\"wp-image-403\" srcset=\"http:\/\/www.weninger-gems.at\/wp-content\/uploads\/2020\/11\/IMG_0008-1-1024x683.jpg 1024w, http:\/\/www.weninger-gems.at\/wp-content\/uploads\/2020\/11\/IMG_0008-1-300x200.jpg 300w, http:\/\/www.weninger-gems.at\/wp-content\/uploads\/2020\/11\/IMG_0008-1-768x512.jpg 768w, http:\/\/www.weninger-gems.at\/wp-content\/uploads\/2020\/11\/IMG_0008-1-1536x1024.jpg 1536w, http:\/\/www.weninger-gems.at\/wp-content\/uploads\/2020\/11\/IMG_0008-1-2048x1365.jpg 2048w\" sizes=\"(max-width: 706px) 89vw, (max-width: 767px) 82vw, 740px\" \/><\/figure><\/li><li class=\"blocks-gallery-item\"><figure><img loading=\"lazy\" width=\"1024\" height=\"815\" src=\"http:\/\/www.weninger-gems.at\/wp-content\/uploads\/2020\/11\/IMG_0009-1024x815.jpg\" alt=\"\" data-id=\"404\" data-full-url=\"http:\/\/www.weninger-gems.at\/wp-content\/uploads\/2020\/11\/IMG_0009-scaled.jpg\" data-link=\"http:\/\/www.weninger-gems.at\/?attachment_id=404\" class=\"wp-image-404\" srcset=\"http:\/\/www.weninger-gems.at\/wp-content\/uploads\/2020\/11\/IMG_0009-1024x815.jpg 1024w, http:\/\/www.weninger-gems.at\/wp-content\/uploads\/2020\/11\/IMG_0009-300x239.jpg 300w, http:\/\/www.weninger-gems.at\/wp-content\/uploads\/2020\/11\/IMG_0009-768x611.jpg 768w, http:\/\/www.weninger-gems.at\/wp-content\/uploads\/2020\/11\/IMG_0009-1536x1223.jpg 1536w, http:\/\/www.weninger-gems.at\/wp-content\/uploads\/2020\/11\/IMG_0009-2048x1630.jpg 2048w\" sizes=\"(max-width: 706px) 89vw, (max-width: 767px) 82vw, 740px\" \/><\/figure><\/li><\/ul><figcaption class=\"blocks-gallery-caption\">Paraiba Turmaline Brasilien Princess fac. ca 3mm &#8211; 0,96ct (paarweise abzugeben, Art. TUR-P20)<\/figcaption><\/figure>\n\n\n\n<figure class=\"wp-block-gallery columns-2 is-cropped\"><ul class=\"blocks-gallery-grid\"><li class=\"blocks-gallery-item\"><figure><img loading=\"lazy\" width=\"768\" height=\"1024\" src=\"http:\/\/www.weninger-gems.at\/wp-content\/uploads\/2020\/11\/IMG_20190518_150945-768x1024.jpg\" alt=\"\" data-id=\"409\" data-full-url=\"http:\/\/www.weninger-gems.at\/wp-content\/uploads\/2020\/11\/IMG_20190518_150945-scaled.jpg\" data-link=\"http:\/\/www.weninger-gems.at\/?attachment_id=409\" class=\"wp-image-409\" srcset=\"http:\/\/www.weninger-gems.at\/wp-content\/uploads\/2020\/11\/IMG_20190518_150945-768x1024.jpg 768w, http:\/\/www.weninger-gems.at\/wp-content\/uploads\/2020\/11\/IMG_20190518_150945-225x300.jpg 225w, http:\/\/www.weninger-gems.at\/wp-content\/uploads\/2020\/11\/IMG_20190518_150945-1152x1536.jpg 1152w, http:\/\/www.weninger-gems.at\/wp-content\/uploads\/2020\/11\/IMG_20190518_150945-1536x2048.jpg 1536w, http:\/\/www.weninger-gems.at\/wp-content\/uploads\/2020\/11\/IMG_20190518_150945-scaled.jpg 1920w\" sizes=\"(max-width: 706px) 89vw, (max-width: 767px) 82vw, 740px\" \/><\/figure><\/li><li class=\"blocks-gallery-item\"><figure><img loading=\"lazy\" width=\"1024\" height=\"768\" src=\"http:\/\/www.weninger-gems.at\/wp-content\/uploads\/2020\/11\/IMG_20190707_201417-1024x768.jpg\" alt=\"\" data-id=\"410\" data-full-url=\"http:\/\/www.weninger-gems.at\/wp-content\/uploads\/2020\/11\/IMG_20190707_201417-scaled.jpg\" data-link=\"http:\/\/www.weninger-gems.at\/?attachment_id=410\" class=\"wp-image-410\" srcset=\"http:\/\/www.weninger-gems.at\/wp-content\/uploads\/2020\/11\/IMG_20190707_201417-1024x768.jpg 1024w, http:\/\/www.weninger-gems.at\/wp-content\/uploads\/2020\/11\/IMG_20190707_201417-300x225.jpg 300w, http:\/\/www.weninger-gems.at\/wp-content\/uploads\/2020\/11\/IMG_20190707_201417-768x576.jpg 768w, http:\/\/www.weninger-gems.at\/wp-content\/uploads\/2020\/11\/IMG_20190707_201417-1536x1152.jpg 1536w, http:\/\/www.weninger-gems.at\/wp-content\/uploads\/2020\/11\/IMG_20190707_201417-2048x1536.jpg 2048w\" sizes=\"(max-width: 706px) 89vw, (max-width: 767px) 82vw, 740px\" \/><\/figure><\/li><\/ul><figcaption class=\"blocks-gallery-caption\">Paraiba Turmaline Mozambique fac. 1,30ct\/0,64ct\/0,49ct (Art. TUR-P04-06)<\/figcaption><\/figure>\n\n\n\n<figure class=\"wp-block-gallery columns-3 is-cropped\"><ul class=\"blocks-gallery-grid\"><li class=\"blocks-gallery-item\"><figure><img loading=\"lazy\" width=\"1009\" height=\"1024\" src=\"http:\/\/www.weninger-gems.at\/wp-content\/uploads\/2020\/11\/IMG_4155-1009x1024.jpg\" alt=\"\" data-id=\"411\" data-full-url=\"http:\/\/www.weninger-gems.at\/wp-content\/uploads\/2020\/11\/IMG_4155-rotated.jpg\" data-link=\"http:\/\/www.weninger-gems.at\/?attachment_id=411\" class=\"wp-image-411\" srcset=\"http:\/\/www.weninger-gems.at\/wp-content\/uploads\/2020\/11\/IMG_4155-1009x1024.jpg 1009w, http:\/\/www.weninger-gems.at\/wp-content\/uploads\/2020\/11\/IMG_4155-296x300.jpg 296w, http:\/\/www.weninger-gems.at\/wp-content\/uploads\/2020\/11\/IMG_4155-768x779.jpg 768w, http:\/\/www.weninger-gems.at\/wp-content\/uploads\/2020\/11\/IMG_4155-100x100.jpg 100w, http:\/\/www.weninger-gems.at\/wp-content\/uploads\/2020\/11\/IMG_4155-rotated.jpg 1179w\" sizes=\"(max-width: 706px) 89vw, (max-width: 767px) 82vw, 740px\" \/><\/figure><\/li><li class=\"blocks-gallery-item\"><figure><img loading=\"lazy\" width=\"1024\" height=\"764\" src=\"http:\/\/www.weninger-gems.at\/wp-content\/uploads\/2020\/11\/IMG_4162-1024x764.jpg\" alt=\"\" data-id=\"412\" data-full-url=\"http:\/\/www.weninger-gems.at\/wp-content\/uploads\/2020\/11\/IMG_4162.jpg\" data-link=\"http:\/\/www.weninger-gems.at\/?attachment_id=412\" class=\"wp-image-412\" srcset=\"http:\/\/www.weninger-gems.at\/wp-content\/uploads\/2020\/11\/IMG_4162-1024x764.jpg 1024w, http:\/\/www.weninger-gems.at\/wp-content\/uploads\/2020\/11\/IMG_4162-300x224.jpg 300w, http:\/\/www.weninger-gems.at\/wp-content\/uploads\/2020\/11\/IMG_4162-768x573.jpg 768w, http:\/\/www.weninger-gems.at\/wp-content\/uploads\/2020\/11\/IMG_4162-1536x1146.jpg 1536w, http:\/\/www.weninger-gems.at\/wp-content\/uploads\/2020\/11\/IMG_4162-2048x1529.jpg 2048w\" sizes=\"(max-width: 706px) 89vw, (max-width: 767px) 82vw, 740px\" \/><\/figure><\/li><li class=\"blocks-gallery-item\"><figure><img loading=\"lazy\" width=\"817\" height=\"1024\" src=\"http:\/\/www.weninger-gems.at\/wp-content\/uploads\/2020\/11\/IMG_4171-817x1024.jpg\" alt=\"\" data-id=\"413\" data-full-url=\"http:\/\/www.weninger-gems.at\/wp-content\/uploads\/2020\/11\/IMG_4171.jpg\" data-link=\"http:\/\/www.weninger-gems.at\/?attachment_id=413\" class=\"wp-image-413\" srcset=\"http:\/\/www.weninger-gems.at\/wp-content\/uploads\/2020\/11\/IMG_4171-817x1024.jpg 817w, http:\/\/www.weninger-gems.at\/wp-content\/uploads\/2020\/11\/IMG_4171-239x300.jpg 239w, http:\/\/www.weninger-gems.at\/wp-content\/uploads\/2020\/11\/IMG_4171-768x962.jpg 768w, http:\/\/www.weninger-gems.at\/wp-content\/uploads\/2020\/11\/IMG_4171-1226x1536.jpg 1226w, http:\/\/www.weninger-gems.at\/wp-content\/uploads\/2020\/11\/IMG_4171.jpg 1241w\" sizes=\"(max-width: 706px) 89vw, (max-width: 767px) 82vw, 740px\" \/><\/figure><\/li><\/ul><figcaption class=\"blocks-gallery-caption\">Paraiba Turmalin rd. Cabochon  &#8211; 6,56ct (Art. TUR-P03)<\/figcaption><\/figure>\n","protected":false},"excerpt":{"rendered":"<p>Immer gr\u00f6\u00dferer Beliebtheit erfreut sich der kupferhaltige t\u00fcrkise bis blaue Paraiba-Turmalin, der sich auch preism\u00e4\u00dfig im Spitzenfeld aller Edelsteine findet&#8230;<\/p>\n","protected":false},"author":1,"featured_media":0,"parent":0,"menu_order":0,"comment_status":"closed","ping_status":"closed","template":"","meta":[],"_links":{"self":[{"href":"http:\/\/www.weninger-gems.at\/index.php?rest_route=\/wp\/v2\/pages\/394"}],"collection":[{"href":"http:\/\/www.weninger-gems.at\/index.php?rest_route=\/wp\/v2\/pages"}],"about":[{"href":"http:\/\/www.weninger-gems.at\/index.php?rest_route=\/wp\/v2\/types\/page"}],"author":[{"embeddable":true,"href":"http:\/\/www.weninger-gems.at\/index.php?rest_route=\/wp\/v2\/users\/1"}],"replies":[{"embeddable":true,"href":"http:\/\/www.weninger-gems.at\/index.php?rest_route=%2Fwp%2Fv2%2Fcomments&post=394"}],"version-history":[{"count":12,"href":"http:\/\/www.weninger-gems.at\/index.php?rest_route=\/wp\/v2\/pages\/394\/revisions"}],"predecessor-version":[{"id":586,"href":"http:\/\/www.weninger-gems.at\/index.php?rest_route=\/wp\/v2\/pages\/394\/revisions\/586"}],"wp:attachment":[{"href":"http:\/\/www.weninger-gems.at\/index.php?rest_route=%2Fwp%2Fv2%2Fmedia&parent=394"}],"curies":[{"name":"wp","href":"https:\/\/api.w.org\/{rel}","templated":true}]}}