{"id":437,"date":"2020-11-29T22:10:14","date_gmt":"2020-11-29T22:10:14","guid":{"rendered":"http:\/\/www.weninger-gems.at\/?page_id=437"},"modified":"2020-12-13T19:41:54","modified_gmt":"2020-12-13T19:41:54","slug":"saphire","status":"publish","type":"page","link":"http:\/\/www.weninger-gems.at\/?page_id=437","title":{"rendered":"Saphire"},"content":{"rendered":"\n<p>Saphire gibt es in fast allen Farben des Regenbogens &#8211; nur nicht in rot &#8230; diese Variet\u00e4t desselben Grundmaterials (Korund) hei\u00dft dann &#8222;Rubin&#8220;!<\/p>\n\n\n\n<p>Saphire haben wir in verschiedensten Farben, Formen und Gr\u00f6\u00dfen kurzfristig lieferbar, da wir f\u00fcr die renommierten deutschen Saphirspezialisten <a rel=\"noreferrer noopener\" href=\"https:\/\/www.ceylons.de\" target=\"_blank\">CEYLONS | MUNICH <\/a>Repr\u00e4sentant f\u00fcr \u00d6sterreich sind. Gerne pr\u00e4sentieren wir Ihnen eine Auswahl Ihrer Wahl!<\/p>\n\n\n\n<figure class=\"wp-block-image size-large\"><img loading=\"lazy\" width=\"240\" height=\"75\" src=\"http:\/\/www.weninger-gems.at\/wp-content\/uploads\/2020\/12\/logo-light.png\" alt=\"\" class=\"wp-image-449\"\/><\/figure>\n\n\n\n<figure class=\"wp-block-gallery columns-2 is-cropped\"><ul class=\"blocks-gallery-grid\"><li class=\"blocks-gallery-item\"><figure><img loading=\"lazy\" width=\"1024\" height=\"683\" src=\"http:\/\/www.weninger-gems.at\/wp-content\/uploads\/2020\/11\/IMGL3479-1024x683.jpg\" alt=\"\" data-id=\"438\" data-full-url=\"http:\/\/www.weninger-gems.at\/wp-content\/uploads\/2020\/11\/IMGL3479-scaled.jpg\" data-link=\"http:\/\/www.weninger-gems.at\/?attachment_id=438\" class=\"wp-image-438\" srcset=\"http:\/\/www.weninger-gems.at\/wp-content\/uploads\/2020\/11\/IMGL3479-1024x683.jpg 1024w, http:\/\/www.weninger-gems.at\/wp-content\/uploads\/2020\/11\/IMGL3479-300x200.jpg 300w, http:\/\/www.weninger-gems.at\/wp-content\/uploads\/2020\/11\/IMGL3479-768x512.jpg 768w, http:\/\/www.weninger-gems.at\/wp-content\/uploads\/2020\/11\/IMGL3479-1536x1024.jpg 1536w, http:\/\/www.weninger-gems.at\/wp-content\/uploads\/2020\/11\/IMGL3479-2048x1365.jpg 2048w\" sizes=\"(max-width: 706px) 89vw, (max-width: 767px) 82vw, 740px\" \/><\/figure><\/li><li class=\"blocks-gallery-item\"><figure><img loading=\"lazy\" width=\"1024\" height=\"683\" src=\"http:\/\/www.weninger-gems.at\/wp-content\/uploads\/2020\/11\/IMGL3488-1024x683.jpg\" alt=\"\" data-id=\"440\" data-full-url=\"http:\/\/www.weninger-gems.at\/wp-content\/uploads\/2020\/11\/IMGL3488-scaled.jpg\" data-link=\"http:\/\/www.weninger-gems.at\/?attachment_id=440\" class=\"wp-image-440\" srcset=\"http:\/\/www.weninger-gems.at\/wp-content\/uploads\/2020\/11\/IMGL3488-1024x683.jpg 1024w, http:\/\/www.weninger-gems.at\/wp-content\/uploads\/2020\/11\/IMGL3488-300x200.jpg 300w, http:\/\/www.weninger-gems.at\/wp-content\/uploads\/2020\/11\/IMGL3488-768x512.jpg 768w, http:\/\/www.weninger-gems.at\/wp-content\/uploads\/2020\/11\/IMGL3488-1536x1024.jpg 1536w, http:\/\/www.weninger-gems.at\/wp-content\/uploads\/2020\/11\/IMGL3488-2048x1365.jpg 2048w\" sizes=\"(max-width: 706px) 89vw, (max-width: 767px) 82vw, 740px\" \/><\/figure><\/li><\/ul><\/figure>\n\n\n\n<p><\/p>\n\n\n\n<p>QUALIT\u00c4T &#8211; FAIRER PREIS &#8211; NACHHALTIGKEIT<\/p>\n\n\n\n<p>Insbesonsers sind uns bei den Saphiren hohe Qualit\u00e4ten aus fairem und nachhaltigem Abbau aus bekannten Ressourcen in Sri Lanka (Ceylon) wichtig. Direkter Zugang zu den Minen sowie eine Lieferkette ohne Zwischenh\u00e4ndler erm\u00f6glichen es, diese Anspr\u00fcche sicherzustellen. <\/p>\n\n\n\n<p>Durch das in Sri Lanka betriebene &#8222;small scale mining&#8220; (Abbau in kleinen Betrieben) werden die einheimischen Familien aktiv unterst\u00fctzt und die Umwelt nur gering belastet, da alle kleinen Stollen nach deren Ersch\u00f6pfung wieder verschlossen werden m\u00fcssen. Der Schliff der Edelsteine erfolgt ebenso im Land, um der Bev\u00f6lkerung Arbeitspl\u00e4tze zu geben und dem Land wirtschaftliches Wachstum zu erm\u00f6glichen.  Genaueres k\u00f6nnen Sie der Homepage <a rel=\"noreferrer noopener\" href=\"https:\/\/www.ceylons.de\" target=\"_blank\">CEYLONS | MUNICH<\/a> entnehmen.<\/p>\n\n\n\n<figure class=\"wp-block-gallery columns-2 is-cropped\"><ul class=\"blocks-gallery-grid\"><li class=\"blocks-gallery-item\"><figure><img loading=\"lazy\" width=\"1024\" height=\"633\" src=\"http:\/\/www.weninger-gems.at\/wp-content\/uploads\/2020\/12\/IMG_5559_1-1024x633.jpg\" alt=\"\" data-id=\"455\" data-link=\"http:\/\/www.weninger-gems.at\/?attachment_id=455\" class=\"wp-image-455\" srcset=\"http:\/\/www.weninger-gems.at\/wp-content\/uploads\/2020\/12\/IMG_5559_1-1024x633.jpg 1024w, http:\/\/www.weninger-gems.at\/wp-content\/uploads\/2020\/12\/IMG_5559_1-300x185.jpg 300w, http:\/\/www.weninger-gems.at\/wp-content\/uploads\/2020\/12\/IMG_5559_1-768x475.jpg 768w, http:\/\/www.weninger-gems.at\/wp-content\/uploads\/2020\/12\/IMG_5559_1-1536x950.jpg 1536w, http:\/\/www.weninger-gems.at\/wp-content\/uploads\/2020\/12\/IMG_5559_1-2048x1266.jpg 2048w\" sizes=\"(max-width: 706px) 89vw, (max-width: 767px) 82vw, 740px\" \/><\/figure><\/li><li class=\"blocks-gallery-item\"><figure><img loading=\"lazy\" width=\"1024\" height=\"1024\" src=\"http:\/\/www.weninger-gems.at\/wp-content\/uploads\/2020\/12\/IMG-20200127-WA0003-1024x1024.jpg\" alt=\"\" data-id=\"456\" data-full-url=\"http:\/\/www.weninger-gems.at\/wp-content\/uploads\/2020\/12\/IMG-20200127-WA0003.jpg\" data-link=\"http:\/\/www.weninger-gems.at\/?attachment_id=456\" class=\"wp-image-456\" srcset=\"http:\/\/www.weninger-gems.at\/wp-content\/uploads\/2020\/12\/IMG-20200127-WA0003-1024x1024.jpg 1024w, http:\/\/www.weninger-gems.at\/wp-content\/uploads\/2020\/12\/IMG-20200127-WA0003-300x300.jpg 300w, http:\/\/www.weninger-gems.at\/wp-content\/uploads\/2020\/12\/IMG-20200127-WA0003-150x150.jpg 150w, http:\/\/www.weninger-gems.at\/wp-content\/uploads\/2020\/12\/IMG-20200127-WA0003-768x768.jpg 768w, http:\/\/www.weninger-gems.at\/wp-content\/uploads\/2020\/12\/IMG-20200127-WA0003-1536x1536.jpg 1536w, http:\/\/www.weninger-gems.at\/wp-content\/uploads\/2020\/12\/IMG-20200127-WA0003-100x100.jpg 100w, http:\/\/www.weninger-gems.at\/wp-content\/uploads\/2020\/12\/IMG-20200127-WA0003.jpg 1600w\" sizes=\"(max-width: 706px) 89vw, (max-width: 767px) 82vw, 740px\" \/><\/figure><\/li><\/ul><figcaption class=\"blocks-gallery-caption\">Wei\u00dfe Saphire &#8211; die &#8222;echte&#8220; Alternative zu Diamanten &#8211; als Top-Edelstein extrem hart, hohe Lichtbrechnung und preislich sehr attraktiv<\/figcaption><\/figure>\n","protected":false},"excerpt":{"rendered":"<p>Saphire gibt es in fast allen Farben des Regenbogens &#8211; nur nicht in rot &#8230; diese Variet\u00e4t desselben Grundmaterials (Korund) hei\u00dft dann &#8222;Rubin&#8220;! Saphire haben wir in verschiedensten Farben, Formen und Gr\u00f6\u00dfen kurzfristig lieferbar, da wir f\u00fcr die renommierten deutschen Saphirspezialisten CEYLONS | MUNICH Repr\u00e4sentant f\u00fcr \u00d6sterreich sind. Gerne pr\u00e4sentieren wir Ihnen eine Auswahl Ihrer &hellip; <\/p>\n<p class=\"link-more\"><a href=\"http:\/\/www.weninger-gems.at\/?page_id=437\" class=\"more-link\"><span class=\"screen-reader-text\">\u201eSaphire\u201c<\/span> weiterlesen<\/a><\/p>\n","protected":false},"author":1,"featured_media":0,"parent":0,"menu_order":0,"comment_status":"closed","ping_status":"closed","template":"","meta":[],"_links":{"self":[{"href":"http:\/\/www.weninger-gems.at\/index.php?rest_route=\/wp\/v2\/pages\/437"}],"collection":[{"href":"http:\/\/www.weninger-gems.at\/index.php?rest_route=\/wp\/v2\/pages"}],"about":[{"href":"http:\/\/www.weninger-gems.at\/index.php?rest_route=\/wp\/v2\/types\/page"}],"author":[{"embeddable":true,"href":"http:\/\/www.weninger-gems.at\/index.php?rest_route=\/wp\/v2\/users\/1"}],"replies":[{"embeddable":true,"href":"http:\/\/www.weninger-gems.at\/index.php?rest_route=%2Fwp%2Fv2%2Fcomments&post=437"}],"version-history":[{"count":10,"href":"http:\/\/www.weninger-gems.at\/index.php?rest_route=\/wp\/v2\/pages\/437\/revisions"}],"predecessor-version":[{"id":581,"href":"http:\/\/www.weninger-gems.at\/index.php?rest_route=\/wp\/v2\/pages\/437\/revisions\/581"}],"wp:attachment":[{"href":"http:\/\/www.weninger-gems.at\/index.php?rest_route=%2Fwp%2Fv2%2Fmedia&parent=437"}],"curies":[{"name":"wp","href":"https:\/\/api.w.org\/{rel}","templated":true}]}}