{"id":458,"date":"2020-12-11T18:41:29","date_gmt":"2020-12-11T18:41:29","guid":{"rendered":"http:\/\/www.weninger-gems.at\/?page_id=458"},"modified":"2020-12-13T19:38:43","modified_gmt":"2020-12-13T19:38:43","slug":"edelopale","status":"publish","type":"page","link":"http:\/\/www.weninger-gems.at\/?page_id=458","title":{"rendered":"Edelopale &#038; Feueropale"},"content":{"rendered":"\n<p>Edelopale aus Australien (z.B. &#8222;Coober Pedy&#8220;) sind seit langer Zeit begehrte Sammler- und Schmucksteine. Seit einigen Jahren sind auch Edelopale aus \u00c4thiopien vermehrt am Markt.<\/p>\n\n\n\n<p>Im Unterschied zu den vielf\u00e4rbig schimmernden Edelopalen sind die Feueropale (oft aus Mexiko) einf\u00e4rbig, von gelb bis fast rot, wobei tiefes Rot die begehrteste Farbe ist. Erkennbar sind sie oft an einer etwas milchigen Tr\u00fcbung.<\/p>\n\n\n\n<figure class=\"wp-block-gallery columns-2 is-cropped\"><ul class=\"blocks-gallery-grid\"><li class=\"blocks-gallery-item\"><figure><img loading=\"lazy\" width=\"1024\" height=\"666\" src=\"http:\/\/www.weninger-gems.at\/wp-content\/uploads\/2020\/12\/IMG_4752-1024x666.jpg\" alt=\"\" data-id=\"459\" data-link=\"http:\/\/www.weninger-gems.at\/?attachment_id=459\" class=\"wp-image-459\" srcset=\"http:\/\/www.weninger-gems.at\/wp-content\/uploads\/2020\/12\/IMG_4752-1024x666.jpg 1024w, http:\/\/www.weninger-gems.at\/wp-content\/uploads\/2020\/12\/IMG_4752-300x195.jpg 300w, http:\/\/www.weninger-gems.at\/wp-content\/uploads\/2020\/12\/IMG_4752-768x500.jpg 768w, http:\/\/www.weninger-gems.at\/wp-content\/uploads\/2020\/12\/IMG_4752-1536x999.jpg 1536w, http:\/\/www.weninger-gems.at\/wp-content\/uploads\/2020\/12\/IMG_4752-2048x1332.jpg 2048w\" sizes=\"(max-width: 706px) 89vw, (max-width: 767px) 82vw, 740px\" \/><\/figure><\/li><li class=\"blocks-gallery-item\"><figure><img loading=\"lazy\" width=\"988\" height=\"1024\" src=\"http:\/\/www.weninger-gems.at\/wp-content\/uploads\/2020\/12\/IMG_4775-988x1024.jpg\" alt=\"\" data-id=\"460\" data-full-url=\"http:\/\/www.weninger-gems.at\/wp-content\/uploads\/2020\/12\/IMG_4775.jpg\" data-link=\"http:\/\/www.weninger-gems.at\/?attachment_id=460\" class=\"wp-image-460\" srcset=\"http:\/\/www.weninger-gems.at\/wp-content\/uploads\/2020\/12\/IMG_4775-988x1024.jpg 988w, http:\/\/www.weninger-gems.at\/wp-content\/uploads\/2020\/12\/IMG_4775-290x300.jpg 290w, http:\/\/www.weninger-gems.at\/wp-content\/uploads\/2020\/12\/IMG_4775-768x796.jpg 768w, http:\/\/www.weninger-gems.at\/wp-content\/uploads\/2020\/12\/IMG_4775-1483x1536.jpg 1483w, http:\/\/www.weninger-gems.at\/wp-content\/uploads\/2020\/12\/IMG_4775.jpg 1944w\" sizes=\"(max-width: 706px) 89vw, (max-width: 767px) 82vw, 740px\" \/><\/figure><\/li><\/ul><figcaption class=\"blocks-gallery-caption\">Mexikanische Feueropale P\u00e4rchen orange-rot 5,00ct<\/figcaption><\/figure>\n\n\n\n<figure class=\"wp-block-gallery columns-3 is-cropped\"><ul class=\"blocks-gallery-grid\"><li class=\"blocks-gallery-item\"><figure><img loading=\"lazy\" width=\"1024\" height=\"783\" src=\"http:\/\/www.weninger-gems.at\/wp-content\/uploads\/2020\/12\/IMG_5001-1024x783.jpg\" alt=\"\" data-id=\"463\" data-link=\"http:\/\/www.weninger-gems.at\/?attachment_id=463\" class=\"wp-image-463\" srcset=\"http:\/\/www.weninger-gems.at\/wp-content\/uploads\/2020\/12\/IMG_5001-1024x783.jpg 1024w, http:\/\/www.weninger-gems.at\/wp-content\/uploads\/2020\/12\/IMG_5001-300x229.jpg 300w, http:\/\/www.weninger-gems.at\/wp-content\/uploads\/2020\/12\/IMG_5001-768x587.jpg 768w, http:\/\/www.weninger-gems.at\/wp-content\/uploads\/2020\/12\/IMG_5001-1536x1175.jpg 1536w, http:\/\/www.weninger-gems.at\/wp-content\/uploads\/2020\/12\/IMG_5001-2048x1566.jpg 2048w\" sizes=\"(max-width: 706px) 89vw, (max-width: 767px) 82vw, 740px\" \/><\/figure><\/li><li class=\"blocks-gallery-item\"><figure><img loading=\"lazy\" width=\"1024\" height=\"972\" src=\"http:\/\/www.weninger-gems.at\/wp-content\/uploads\/2020\/12\/IMG_5019-1024x972.jpg\" alt=\"\" data-id=\"464\" data-link=\"http:\/\/www.weninger-gems.at\/?attachment_id=464\" class=\"wp-image-464\" srcset=\"http:\/\/www.weninger-gems.at\/wp-content\/uploads\/2020\/12\/IMG_5019-1024x972.jpg 1024w, http:\/\/www.weninger-gems.at\/wp-content\/uploads\/2020\/12\/IMG_5019-300x285.jpg 300w, http:\/\/www.weninger-gems.at\/wp-content\/uploads\/2020\/12\/IMG_5019-768x729.jpg 768w, http:\/\/www.weninger-gems.at\/wp-content\/uploads\/2020\/12\/IMG_5019-1536x1458.jpg 1536w, http:\/\/www.weninger-gems.at\/wp-content\/uploads\/2020\/12\/IMG_5019.jpg 1997w\" sizes=\"(max-width: 706px) 89vw, (max-width: 767px) 82vw, 740px\" \/><\/figure><\/li><li class=\"blocks-gallery-item\"><figure><img loading=\"lazy\" width=\"996\" height=\"1024\" src=\"http:\/\/www.weninger-gems.at\/wp-content\/uploads\/2020\/12\/IMG_5010-996x1024.jpg\" alt=\"\" data-id=\"465\" data-full-url=\"http:\/\/www.weninger-gems.at\/wp-content\/uploads\/2020\/12\/IMG_5010.jpg\" data-link=\"http:\/\/www.weninger-gems.at\/?attachment_id=465\" class=\"wp-image-465\" srcset=\"http:\/\/www.weninger-gems.at\/wp-content\/uploads\/2020\/12\/IMG_5010-996x1024.jpg 996w, http:\/\/www.weninger-gems.at\/wp-content\/uploads\/2020\/12\/IMG_5010-292x300.jpg 292w, http:\/\/www.weninger-gems.at\/wp-content\/uploads\/2020\/12\/IMG_5010-768x790.jpg 768w, http:\/\/www.weninger-gems.at\/wp-content\/uploads\/2020\/12\/IMG_5010-1493x1536.jpg 1493w, http:\/\/www.weninger-gems.at\/wp-content\/uploads\/2020\/12\/IMG_5010.jpg 1714w\" sizes=\"(max-width: 706px) 89vw, (max-width: 767px) 82vw, 740px\" \/><\/figure><\/li><\/ul><figcaption class=\"blocks-gallery-caption\">Mexikanischer Feueropal, trillion fac. orange-rot 1,77ct<\/figcaption><\/figure>\n\n\n\n<figure class=\"wp-block-gallery columns-3 is-cropped\"><ul class=\"blocks-gallery-grid\"><li class=\"blocks-gallery-item\"><figure><img loading=\"lazy\" width=\"1024\" height=\"795\" src=\"http:\/\/www.weninger-gems.at\/wp-content\/uploads\/2020\/12\/IMG_4782-1024x795.jpg\" alt=\"\" data-id=\"467\" data-link=\"http:\/\/www.weninger-gems.at\/?attachment_id=467\" class=\"wp-image-467\" srcset=\"http:\/\/www.weninger-gems.at\/wp-content\/uploads\/2020\/12\/IMG_4782-1024x795.jpg 1024w, http:\/\/www.weninger-gems.at\/wp-content\/uploads\/2020\/12\/IMG_4782-300x233.jpg 300w, http:\/\/www.weninger-gems.at\/wp-content\/uploads\/2020\/12\/IMG_4782-768x597.jpg 768w, http:\/\/www.weninger-gems.at\/wp-content\/uploads\/2020\/12\/IMG_4782-1536x1193.jpg 1536w, http:\/\/www.weninger-gems.at\/wp-content\/uploads\/2020\/12\/IMG_4782-2048x1591.jpg 2048w\" sizes=\"(max-width: 706px) 89vw, (max-width: 767px) 82vw, 740px\" \/><\/figure><\/li><li class=\"blocks-gallery-item\"><figure><img loading=\"lazy\" width=\"1024\" height=\"699\" src=\"http:\/\/www.weninger-gems.at\/wp-content\/uploads\/2020\/12\/IMG_4793-1024x699.jpg\" alt=\"\" data-id=\"468\" data-link=\"http:\/\/www.weninger-gems.at\/?attachment_id=468\" class=\"wp-image-468\" srcset=\"http:\/\/www.weninger-gems.at\/wp-content\/uploads\/2020\/12\/IMG_4793-1024x699.jpg 1024w, http:\/\/www.weninger-gems.at\/wp-content\/uploads\/2020\/12\/IMG_4793-300x205.jpg 300w, http:\/\/www.weninger-gems.at\/wp-content\/uploads\/2020\/12\/IMG_4793-768x524.jpg 768w, http:\/\/www.weninger-gems.at\/wp-content\/uploads\/2020\/12\/IMG_4793-1536x1049.jpg 1536w, http:\/\/www.weninger-gems.at\/wp-content\/uploads\/2020\/12\/IMG_4793-2048x1398.jpg 2048w\" sizes=\"(max-width: 706px) 89vw, (max-width: 767px) 82vw, 740px\" \/><\/figure><\/li><li class=\"blocks-gallery-item\"><figure><img loading=\"lazy\" width=\"975\" height=\"1024\" src=\"http:\/\/www.weninger-gems.at\/wp-content\/uploads\/2020\/12\/IMG_4801-975x1024.jpg\" alt=\"\" data-id=\"469\" data-link=\"http:\/\/www.weninger-gems.at\/?attachment_id=469\" class=\"wp-image-469\" srcset=\"http:\/\/www.weninger-gems.at\/wp-content\/uploads\/2020\/12\/IMG_4801-975x1024.jpg 975w, http:\/\/www.weninger-gems.at\/wp-content\/uploads\/2020\/12\/IMG_4801-286x300.jpg 286w, http:\/\/www.weninger-gems.at\/wp-content\/uploads\/2020\/12\/IMG_4801-768x807.jpg 768w, http:\/\/www.weninger-gems.at\/wp-content\/uploads\/2020\/12\/IMG_4801-1462x1536.jpg 1462w, http:\/\/www.weninger-gems.at\/wp-content\/uploads\/2020\/12\/IMG_4801.jpg 1753w\" sizes=\"(max-width: 706px) 89vw, (max-width: 767px) 82vw, 740px\" \/><\/figure><\/li><\/ul><figcaption class=\"blocks-gallery-caption\">Mexikanische Feueropale, P\u00e4rchen pear (4,01ct) + oval (4,72ct) orange<\/figcaption><\/figure>\n\n\n\n<figure class=\"wp-block-gallery columns-3 is-cropped\"><ul class=\"blocks-gallery-grid\"><li class=\"blocks-gallery-item\"><figure><img loading=\"lazy\" width=\"1024\" height=\"793\" src=\"http:\/\/www.weninger-gems.at\/wp-content\/uploads\/2020\/12\/IMG_4234-1024x793.jpg\" alt=\"\" data-id=\"492\" data-link=\"http:\/\/www.weninger-gems.at\/?attachment_id=492\" class=\"wp-image-492\" srcset=\"http:\/\/www.weninger-gems.at\/wp-content\/uploads\/2020\/12\/IMG_4234-1024x793.jpg 1024w, http:\/\/www.weninger-gems.at\/wp-content\/uploads\/2020\/12\/IMG_4234-300x232.jpg 300w, http:\/\/www.weninger-gems.at\/wp-content\/uploads\/2020\/12\/IMG_4234-768x595.jpg 768w, http:\/\/www.weninger-gems.at\/wp-content\/uploads\/2020\/12\/IMG_4234-1536x1190.jpg 1536w, http:\/\/www.weninger-gems.at\/wp-content\/uploads\/2020\/12\/IMG_4234-2048x1587.jpg 2048w\" sizes=\"(max-width: 706px) 89vw, (max-width: 767px) 82vw, 740px\" \/><\/figure><\/li><li class=\"blocks-gallery-item\"><figure><img loading=\"lazy\" width=\"1024\" height=\"793\" src=\"http:\/\/www.weninger-gems.at\/wp-content\/uploads\/2020\/12\/IMG_4248-1024x793.jpg\" alt=\"\" data-id=\"493\" data-link=\"http:\/\/www.weninger-gems.at\/?attachment_id=493\" class=\"wp-image-493\" srcset=\"http:\/\/www.weninger-gems.at\/wp-content\/uploads\/2020\/12\/IMG_4248-1024x793.jpg 1024w, http:\/\/www.weninger-gems.at\/wp-content\/uploads\/2020\/12\/IMG_4248-300x232.jpg 300w, http:\/\/www.weninger-gems.at\/wp-content\/uploads\/2020\/12\/IMG_4248-768x595.jpg 768w, http:\/\/www.weninger-gems.at\/wp-content\/uploads\/2020\/12\/IMG_4248-1536x1190.jpg 1536w, http:\/\/www.weninger-gems.at\/wp-content\/uploads\/2020\/12\/IMG_4248-2048x1586.jpg 2048w\" sizes=\"(max-width: 706px) 89vw, (max-width: 767px) 82vw, 740px\" \/><\/figure><\/li><li class=\"blocks-gallery-item\"><figure><img loading=\"lazy\" width=\"1024\" height=\"573\" src=\"http:\/\/www.weninger-gems.at\/wp-content\/uploads\/2020\/12\/IMG_4251-1024x573.jpg\" alt=\"\" data-id=\"494\" data-full-url=\"http:\/\/www.weninger-gems.at\/wp-content\/uploads\/2020\/12\/IMG_4251.jpg\" data-link=\"http:\/\/www.weninger-gems.at\/?attachment_id=494\" class=\"wp-image-494\" srcset=\"http:\/\/www.weninger-gems.at\/wp-content\/uploads\/2020\/12\/IMG_4251-1024x573.jpg 1024w, http:\/\/www.weninger-gems.at\/wp-content\/uploads\/2020\/12\/IMG_4251-300x168.jpg 300w, http:\/\/www.weninger-gems.at\/wp-content\/uploads\/2020\/12\/IMG_4251-768x430.jpg 768w, http:\/\/www.weninger-gems.at\/wp-content\/uploads\/2020\/12\/IMG_4251.jpg 1201w\" sizes=\"(max-width: 706px) 89vw, (max-width: 767px) 82vw, 740px\" \/><\/figure><\/li><\/ul><figcaption class=\"blocks-gallery-caption\">Andenopal, pear Cabochon, 6,80ct<\/figcaption><\/figure>\n","protected":false},"excerpt":{"rendered":"<p>Edelopale aus Australien (z.B. &#8222;Coober Pedy&#8220;) sind seit langer Zeit begehrte Sammler- und Schmucksteine. Seit einigen Jahren sind auch Edelopale aus \u00c4thiopien vermehrt am Markt. Im Unterschied zu den vielf\u00e4rbig schimmernden Edelopalen sind die Feueropale (oft aus Mexiko) einf\u00e4rbig, von gelb bis fast rot, wobei tiefes Rot die begehrteste Farbe ist. Erkennbar sind sie oft &hellip; <\/p>\n<p class=\"link-more\"><a href=\"http:\/\/www.weninger-gems.at\/?page_id=458\" class=\"more-link\"><span class=\"screen-reader-text\">\u201eEdelopale &#038; Feueropale\u201c<\/span> weiterlesen<\/a><\/p>\n","protected":false},"author":1,"featured_media":0,"parent":0,"menu_order":0,"comment_status":"closed","ping_status":"closed","template":"","meta":[],"_links":{"self":[{"href":"http:\/\/www.weninger-gems.at\/index.php?rest_route=\/wp\/v2\/pages\/458"}],"collection":[{"href":"http:\/\/www.weninger-gems.at\/index.php?rest_route=\/wp\/v2\/pages"}],"about":[{"href":"http:\/\/www.weninger-gems.at\/index.php?rest_route=\/wp\/v2\/types\/page"}],"author":[{"embeddable":true,"href":"http:\/\/www.weninger-gems.at\/index.php?rest_route=\/wp\/v2\/users\/1"}],"replies":[{"embeddable":true,"href":"http:\/\/www.weninger-gems.at\/index.php?rest_route=%2Fwp%2Fv2%2Fcomments&post=458"}],"version-history":[{"count":7,"href":"http:\/\/www.weninger-gems.at\/index.php?rest_route=\/wp\/v2\/pages\/458\/revisions"}],"predecessor-version":[{"id":579,"href":"http:\/\/www.weninger-gems.at\/index.php?rest_route=\/wp\/v2\/pages\/458\/revisions\/579"}],"wp:attachment":[{"href":"http:\/\/www.weninger-gems.at\/index.php?rest_route=%2Fwp%2Fv2%2Fmedia&parent=458"}],"curies":[{"name":"wp","href":"https:\/\/api.w.org\/{rel}","templated":true}]}}