{"id":473,"date":"2020-12-12T15:17:27","date_gmt":"2020-12-12T15:17:27","guid":{"rendered":"http:\/\/www.weninger-gems.at\/?page_id=473"},"modified":"2020-12-13T19:44:02","modified_gmt":"2020-12-13T19:44:02","slug":"tansanite-zoisite","status":"publish","type":"page","link":"http:\/\/www.weninger-gems.at\/?page_id=473","title":{"rendered":"Tansanite (Zoisite)"},"content":{"rendered":"\n<p>Tansanite geh\u00f6ren zu den seltensten Edelsteinen der Welt; sie kommen nur in einer Region in Afrika (Tansania) vor, und seit den 80er Jahren wurden die Steine durch Tiffany und den ber\u00fchmten Film &#8222;Titanic&#8220; bekannt. Der angeblich blaue Diamant um den Hals der Protagonistin Rose (Kate Winslet) war in Wirklichkeit ein Tansanit. Tats\u00e4chlich gibt es im beschriebenen Minenfeld doch eine recht gro\u00dfe Ausbeute, die Qualit\u00e4ten der letzten Jahre werden aber immer schlechter, sodass die Steine immer mehr behandelt (erhitzt) werden m\u00fcssen, um die begehrte blau-violette Farbe zu erzielen&#8230;<\/p>\n\n\n\n<figure class=\"wp-block-gallery columns-3 is-cropped\"><ul class=\"blocks-gallery-grid\"><li class=\"blocks-gallery-item\"><figure><img loading=\"lazy\" width=\"1024\" height=\"758\" src=\"http:\/\/www.weninger-gems.at\/wp-content\/uploads\/2020\/12\/IMG_5605-1024x758.jpg\" alt=\"\" data-id=\"474\" data-link=\"http:\/\/www.weninger-gems.at\/?attachment_id=474\" class=\"wp-image-474\" srcset=\"http:\/\/www.weninger-gems.at\/wp-content\/uploads\/2020\/12\/IMG_5605-1024x758.jpg 1024w, http:\/\/www.weninger-gems.at\/wp-content\/uploads\/2020\/12\/IMG_5605-300x222.jpg 300w, http:\/\/www.weninger-gems.at\/wp-content\/uploads\/2020\/12\/IMG_5605-768x569.jpg 768w, http:\/\/www.weninger-gems.at\/wp-content\/uploads\/2020\/12\/IMG_5605.jpg 1449w\" sizes=\"(max-width: 706px) 89vw, (max-width: 767px) 82vw, 740px\" \/><\/figure><\/li><li class=\"blocks-gallery-item\"><figure><img loading=\"lazy\" width=\"1024\" height=\"786\" src=\"http:\/\/www.weninger-gems.at\/wp-content\/uploads\/2020\/12\/IMG_5601-1024x786.jpg\" alt=\"\" data-id=\"475\" data-link=\"http:\/\/www.weninger-gems.at\/?attachment_id=475\" class=\"wp-image-475\" srcset=\"http:\/\/www.weninger-gems.at\/wp-content\/uploads\/2020\/12\/IMG_5601-1024x786.jpg 1024w, http:\/\/www.weninger-gems.at\/wp-content\/uploads\/2020\/12\/IMG_5601-300x230.jpg 300w, http:\/\/www.weninger-gems.at\/wp-content\/uploads\/2020\/12\/IMG_5601-768x590.jpg 768w, http:\/\/www.weninger-gems.at\/wp-content\/uploads\/2020\/12\/IMG_5601-1536x1179.jpg 1536w, http:\/\/www.weninger-gems.at\/wp-content\/uploads\/2020\/12\/IMG_5601-2048x1572.jpg 2048w\" sizes=\"(max-width: 706px) 89vw, (max-width: 767px) 82vw, 740px\" \/><\/figure><\/li><li class=\"blocks-gallery-item\"><figure><img loading=\"lazy\" width=\"1024\" height=\"639\" src=\"http:\/\/www.weninger-gems.at\/wp-content\/uploads\/2020\/12\/IMG_5509-1024x639.jpg\" alt=\"\" data-id=\"476\" data-full-url=\"http:\/\/www.weninger-gems.at\/wp-content\/uploads\/2020\/12\/IMG_5509-scaled.jpg\" data-link=\"http:\/\/www.weninger-gems.at\/?attachment_id=476\" class=\"wp-image-476\" srcset=\"http:\/\/www.weninger-gems.at\/wp-content\/uploads\/2020\/12\/IMG_5509-1024x639.jpg 1024w, http:\/\/www.weninger-gems.at\/wp-content\/uploads\/2020\/12\/IMG_5509-300x187.jpg 300w, http:\/\/www.weninger-gems.at\/wp-content\/uploads\/2020\/12\/IMG_5509-768x479.jpg 768w, http:\/\/www.weninger-gems.at\/wp-content\/uploads\/2020\/12\/IMG_5509-1536x958.jpg 1536w, http:\/\/www.weninger-gems.at\/wp-content\/uploads\/2020\/12\/IMG_5509-2048x1278.jpg 2048w\" sizes=\"(max-width: 706px) 89vw, (max-width: 767px) 82vw, 740px\" \/><\/figure><\/li><\/ul><figcaption class=\"blocks-gallery-caption\">Tansanit, nicht behandelt, oval facettiert 5,24ct (blau\/gr\u00fcn\/violett)<\/figcaption><\/figure>\n\n\n\n<figure class=\"wp-block-gallery columns-3 is-cropped\"><ul class=\"blocks-gallery-grid\"><li class=\"blocks-gallery-item\"><figure><img loading=\"lazy\" width=\"1024\" height=\"992\" src=\"http:\/\/www.weninger-gems.at\/wp-content\/uploads\/2020\/12\/IMG_4967-1024x992.jpg\" alt=\"\" data-id=\"480\" data-link=\"http:\/\/www.weninger-gems.at\/?attachment_id=480\" class=\"wp-image-480\" srcset=\"http:\/\/www.weninger-gems.at\/wp-content\/uploads\/2020\/12\/IMG_4967-1024x992.jpg 1024w, http:\/\/www.weninger-gems.at\/wp-content\/uploads\/2020\/12\/IMG_4967-300x291.jpg 300w, http:\/\/www.weninger-gems.at\/wp-content\/uploads\/2020\/12\/IMG_4967-768x744.jpg 768w, http:\/\/www.weninger-gems.at\/wp-content\/uploads\/2020\/12\/IMG_4967-1536x1488.jpg 1536w, http:\/\/www.weninger-gems.at\/wp-content\/uploads\/2020\/12\/IMG_4967-2048x1984.jpg 2048w\" sizes=\"(max-width: 706px) 89vw, (max-width: 767px) 82vw, 740px\" \/><\/figure><\/li><li class=\"blocks-gallery-item\"><figure><img loading=\"lazy\" width=\"1024\" height=\"921\" src=\"http:\/\/www.weninger-gems.at\/wp-content\/uploads\/2020\/12\/IMG_4961-1024x921.jpg\" alt=\"\" data-id=\"481\" data-link=\"http:\/\/www.weninger-gems.at\/?attachment_id=481\" class=\"wp-image-481\" srcset=\"http:\/\/www.weninger-gems.at\/wp-content\/uploads\/2020\/12\/IMG_4961-1024x921.jpg 1024w, http:\/\/www.weninger-gems.at\/wp-content\/uploads\/2020\/12\/IMG_4961-300x270.jpg 300w, http:\/\/www.weninger-gems.at\/wp-content\/uploads\/2020\/12\/IMG_4961-768x691.jpg 768w, http:\/\/www.weninger-gems.at\/wp-content\/uploads\/2020\/12\/IMG_4961-1536x1382.jpg 1536w, http:\/\/www.weninger-gems.at\/wp-content\/uploads\/2020\/12\/IMG_4961.jpg 1995w\" sizes=\"(max-width: 706px) 89vw, (max-width: 767px) 82vw, 740px\" \/><\/figure><\/li><li class=\"blocks-gallery-item\"><figure><img loading=\"lazy\" width=\"1024\" height=\"797\" src=\"http:\/\/www.weninger-gems.at\/wp-content\/uploads\/2020\/12\/DSCN0174-1024x797.jpg\" alt=\"\" data-id=\"482\" data-full-url=\"http:\/\/www.weninger-gems.at\/wp-content\/uploads\/2020\/12\/DSCN0174.jpg\" data-link=\"http:\/\/www.weninger-gems.at\/?attachment_id=482\" class=\"wp-image-482\" srcset=\"http:\/\/www.weninger-gems.at\/wp-content\/uploads\/2020\/12\/DSCN0174-1024x797.jpg 1024w, http:\/\/www.weninger-gems.at\/wp-content\/uploads\/2020\/12\/DSCN0174-300x234.jpg 300w, http:\/\/www.weninger-gems.at\/wp-content\/uploads\/2020\/12\/DSCN0174-768x598.jpg 768w, http:\/\/www.weninger-gems.at\/wp-content\/uploads\/2020\/12\/DSCN0174.jpg 1075w\" sizes=\"(max-width: 706px) 89vw, (max-width: 767px) 82vw, 740px\" \/><\/figure><\/li><\/ul><figcaption class=\"blocks-gallery-caption\">Tansanit cushion 4,85ct, augenrein<\/figcaption><\/figure>\n\n\n\n<figure class=\"wp-block-gallery columns-3 is-cropped\"><ul class=\"blocks-gallery-grid\"><li class=\"blocks-gallery-item\"><figure><img loading=\"lazy\" width=\"1024\" height=\"910\" src=\"http:\/\/www.weninger-gems.at\/wp-content\/uploads\/2020\/12\/IMG_4972-1024x910.jpg\" alt=\"\" data-id=\"483\" data-link=\"http:\/\/www.weninger-gems.at\/?attachment_id=483\" class=\"wp-image-483\" srcset=\"http:\/\/www.weninger-gems.at\/wp-content\/uploads\/2020\/12\/IMG_4972-1024x910.jpg 1024w, http:\/\/www.weninger-gems.at\/wp-content\/uploads\/2020\/12\/IMG_4972-300x267.jpg 300w, http:\/\/www.weninger-gems.at\/wp-content\/uploads\/2020\/12\/IMG_4972-768x683.jpg 768w, http:\/\/www.weninger-gems.at\/wp-content\/uploads\/2020\/12\/IMG_4972-1536x1365.jpg 1536w, http:\/\/www.weninger-gems.at\/wp-content\/uploads\/2020\/12\/IMG_4972-2048x1820.jpg 2048w\" sizes=\"(max-width: 706px) 89vw, (max-width: 767px) 82vw, 740px\" \/><\/figure><\/li><li class=\"blocks-gallery-item\"><figure><img loading=\"lazy\" width=\"1024\" height=\"782\" src=\"http:\/\/www.weninger-gems.at\/wp-content\/uploads\/2020\/12\/IMG_4963-1024x782.jpg\" alt=\"\" data-id=\"484\" data-link=\"http:\/\/www.weninger-gems.at\/?attachment_id=484\" class=\"wp-image-484\" srcset=\"http:\/\/www.weninger-gems.at\/wp-content\/uploads\/2020\/12\/IMG_4963-1024x782.jpg 1024w, http:\/\/www.weninger-gems.at\/wp-content\/uploads\/2020\/12\/IMG_4963-300x229.jpg 300w, http:\/\/www.weninger-gems.at\/wp-content\/uploads\/2020\/12\/IMG_4963-768x587.jpg 768w, http:\/\/www.weninger-gems.at\/wp-content\/uploads\/2020\/12\/IMG_4963-1536x1173.jpg 1536w, http:\/\/www.weninger-gems.at\/wp-content\/uploads\/2020\/12\/IMG_4963-2048x1565.jpg 2048w\" sizes=\"(max-width: 706px) 89vw, (max-width: 767px) 82vw, 740px\" \/><\/figure><\/li><li class=\"blocks-gallery-item\"><figure><img loading=\"lazy\" width=\"1024\" height=\"717\" src=\"http:\/\/www.weninger-gems.at\/wp-content\/uploads\/2020\/12\/IMG_4962-1024x717.jpg\" alt=\"\" data-id=\"485\" data-full-url=\"http:\/\/www.weninger-gems.at\/wp-content\/uploads\/2020\/12\/IMG_4962-scaled.jpg\" data-link=\"http:\/\/www.weninger-gems.at\/?attachment_id=485\" class=\"wp-image-485\" srcset=\"http:\/\/www.weninger-gems.at\/wp-content\/uploads\/2020\/12\/IMG_4962-1024x717.jpg 1024w, http:\/\/www.weninger-gems.at\/wp-content\/uploads\/2020\/12\/IMG_4962-300x210.jpg 300w, http:\/\/www.weninger-gems.at\/wp-content\/uploads\/2020\/12\/IMG_4962-768x538.jpg 768w, http:\/\/www.weninger-gems.at\/wp-content\/uploads\/2020\/12\/IMG_4962-1536x1075.jpg 1536w, http:\/\/www.weninger-gems.at\/wp-content\/uploads\/2020\/12\/IMG_4962-2048x1434.jpg 2048w\" sizes=\"(max-width: 706px) 89vw, (max-width: 767px) 82vw, 740px\" \/><\/figure><\/li><\/ul><figcaption class=\"blocks-gallery-caption\">Tansanit antikoval, 2,82ct<\/figcaption><\/figure>\n\n\n\n<figure class=\"wp-block-gallery columns-3 is-cropped\"><ul class=\"blocks-gallery-grid\"><li class=\"blocks-gallery-item\"><figure><img loading=\"lazy\" width=\"1024\" height=\"992\" src=\"http:\/\/www.weninger-gems.at\/wp-content\/uploads\/2020\/12\/IMG_4964-1024x992.jpg\" alt=\"\" data-id=\"486\" data-link=\"http:\/\/www.weninger-gems.at\/?attachment_id=486\" class=\"wp-image-486\" srcset=\"http:\/\/www.weninger-gems.at\/wp-content\/uploads\/2020\/12\/IMG_4964-1024x992.jpg 1024w, http:\/\/www.weninger-gems.at\/wp-content\/uploads\/2020\/12\/IMG_4964-300x291.jpg 300w, http:\/\/www.weninger-gems.at\/wp-content\/uploads\/2020\/12\/IMG_4964-768x744.jpg 768w, http:\/\/www.weninger-gems.at\/wp-content\/uploads\/2020\/12\/IMG_4964-1536x1488.jpg 1536w, http:\/\/www.weninger-gems.at\/wp-content\/uploads\/2020\/12\/IMG_4964-2048x1984.jpg 2048w\" sizes=\"(max-width: 706px) 89vw, (max-width: 767px) 82vw, 740px\" \/><\/figure><\/li><li class=\"blocks-gallery-item\"><figure><img loading=\"lazy\" width=\"1024\" height=\"799\" src=\"http:\/\/www.weninger-gems.at\/wp-content\/uploads\/2020\/12\/IMG_4970-1024x799.jpg\" alt=\"\" data-id=\"487\" data-link=\"http:\/\/www.weninger-gems.at\/?attachment_id=487\" class=\"wp-image-487\" srcset=\"http:\/\/www.weninger-gems.at\/wp-content\/uploads\/2020\/12\/IMG_4970-1024x799.jpg 1024w, http:\/\/www.weninger-gems.at\/wp-content\/uploads\/2020\/12\/IMG_4970-300x234.jpg 300w, http:\/\/www.weninger-gems.at\/wp-content\/uploads\/2020\/12\/IMG_4970-768x599.jpg 768w, http:\/\/www.weninger-gems.at\/wp-content\/uploads\/2020\/12\/IMG_4970-1536x1198.jpg 1536w, http:\/\/www.weninger-gems.at\/wp-content\/uploads\/2020\/12\/IMG_4970-2048x1597.jpg 2048w\" sizes=\"(max-width: 706px) 89vw, (max-width: 767px) 82vw, 740px\" \/><\/figure><\/li><li class=\"blocks-gallery-item\"><figure><img loading=\"lazy\" width=\"1024\" height=\"819\" src=\"http:\/\/www.weninger-gems.at\/wp-content\/uploads\/2020\/12\/IMG_4971-1024x819.jpg\" alt=\"\" data-id=\"488\" data-full-url=\"http:\/\/www.weninger-gems.at\/wp-content\/uploads\/2020\/12\/IMG_4971-scaled.jpg\" data-link=\"http:\/\/www.weninger-gems.at\/?attachment_id=488\" class=\"wp-image-488\" srcset=\"http:\/\/www.weninger-gems.at\/wp-content\/uploads\/2020\/12\/IMG_4971-1024x819.jpg 1024w, http:\/\/www.weninger-gems.at\/wp-content\/uploads\/2020\/12\/IMG_4971-300x240.jpg 300w, http:\/\/www.weninger-gems.at\/wp-content\/uploads\/2020\/12\/IMG_4971-768x615.jpg 768w, http:\/\/www.weninger-gems.at\/wp-content\/uploads\/2020\/12\/IMG_4971-1536x1229.jpg 1536w, http:\/\/www.weninger-gems.at\/wp-content\/uploads\/2020\/12\/IMG_4971-2048x1639.jpg 2048w\" sizes=\"(max-width: 706px) 89vw, (max-width: 767px) 82vw, 740px\" \/><\/figure><\/li><\/ul><figcaption class=\"blocks-gallery-caption\">Tansanit oval, 3,15ct<\/figcaption><\/figure>\n","protected":false},"excerpt":{"rendered":"<p>Tansanite geh\u00f6ren zu den seltensten Edelsteinen der Welt; sie kommen nur in einer Region in Afrika (Tansania) vor, und seit den 80er Jahren wurden die Steine durch Tiffany und den ber\u00fchmten Film &#8222;Titanic&#8220; bekannt. Der angeblich blaue Diamant um den Hals der Protagonistin Rose (Kate Winslet) war in Wirklichkeit ein Tansanit. Tats\u00e4chlich gibt es im &hellip; <\/p>\n<p class=\"link-more\"><a href=\"http:\/\/www.weninger-gems.at\/?page_id=473\" class=\"more-link\"><span class=\"screen-reader-text\">\u201eTansanite (Zoisite)\u201c<\/span> weiterlesen<\/a><\/p>\n","protected":false},"author":1,"featured_media":0,"parent":0,"menu_order":0,"comment_status":"closed","ping_status":"closed","template":"","meta":[],"_links":{"self":[{"href":"http:\/\/www.weninger-gems.at\/index.php?rest_route=\/wp\/v2\/pages\/473"}],"collection":[{"href":"http:\/\/www.weninger-gems.at\/index.php?rest_route=\/wp\/v2\/pages"}],"about":[{"href":"http:\/\/www.weninger-gems.at\/index.php?rest_route=\/wp\/v2\/types\/page"}],"author":[{"embeddable":true,"href":"http:\/\/www.weninger-gems.at\/index.php?rest_route=\/wp\/v2\/users\/1"}],"replies":[{"embeddable":true,"href":"http:\/\/www.weninger-gems.at\/index.php?rest_route=%2Fwp%2Fv2%2Fcomments&post=473"}],"version-history":[{"count":5,"href":"http:\/\/www.weninger-gems.at\/index.php?rest_route=\/wp\/v2\/pages\/473\/revisions"}],"predecessor-version":[{"id":583,"href":"http:\/\/www.weninger-gems.at\/index.php?rest_route=\/wp\/v2\/pages\/473\/revisions\/583"}],"wp:attachment":[{"href":"http:\/\/www.weninger-gems.at\/index.php?rest_route=%2Fwp%2Fv2%2Fmedia&parent=473"}],"curies":[{"name":"wp","href":"https:\/\/api.w.org\/{rel}","templated":true}]}}