{"id":496,"date":"2020-12-12T17:01:14","date_gmt":"2020-12-12T17:01:14","guid":{"rendered":"http:\/\/www.weninger-gems.at\/?page_id=496"},"modified":"2020-12-13T19:49:10","modified_gmt":"2020-12-13T19:49:10","slug":"peridot","status":"publish","type":"page","link":"http:\/\/www.weninger-gems.at\/?page_id=496","title":{"rendered":"Peridot"},"content":{"rendered":"\n<p>Der einzigartige grasgr\u00fcne Peridot, speziell bekannt aus Burma und Pakistan, ist ein hochwertiger Edelstein und derzeit noch zu verh\u00e4ltnism\u00e4\u00dfig g\u00fcnstigen Preisen erh\u00e4ltlich&#8230; <\/p>\n\n\n\n<figure class=\"wp-block-gallery columns-3 is-cropped\"><ul class=\"blocks-gallery-grid\"><li class=\"blocks-gallery-item\"><figure><img loading=\"lazy\" width=\"991\" height=\"1024\" src=\"http:\/\/www.weninger-gems.at\/wp-content\/uploads\/2020\/12\/P1150344-991x1024.jpg\" alt=\"\" data-id=\"497\" data-link=\"http:\/\/www.weninger-gems.at\/?attachment_id=497\" class=\"wp-image-497\" srcset=\"http:\/\/www.weninger-gems.at\/wp-content\/uploads\/2020\/12\/P1150344-991x1024.jpg 991w, http:\/\/www.weninger-gems.at\/wp-content\/uploads\/2020\/12\/P1150344-290x300.jpg 290w, http:\/\/www.weninger-gems.at\/wp-content\/uploads\/2020\/12\/P1150344-768x794.jpg 768w, http:\/\/www.weninger-gems.at\/wp-content\/uploads\/2020\/12\/P1150344.jpg 1012w\" sizes=\"(max-width: 706px) 89vw, (max-width: 767px) 82vw, 740px\" \/><\/figure><\/li><li class=\"blocks-gallery-item\"><figure><img loading=\"lazy\" width=\"932\" height=\"1024\" src=\"http:\/\/www.weninger-gems.at\/wp-content\/uploads\/2020\/12\/P1150346-932x1024.jpg\" alt=\"\" data-id=\"498\" data-link=\"http:\/\/www.weninger-gems.at\/?attachment_id=498\" class=\"wp-image-498\" srcset=\"http:\/\/www.weninger-gems.at\/wp-content\/uploads\/2020\/12\/P1150346-932x1024.jpg 932w, http:\/\/www.weninger-gems.at\/wp-content\/uploads\/2020\/12\/P1150346-273x300.jpg 273w, http:\/\/www.weninger-gems.at\/wp-content\/uploads\/2020\/12\/P1150346-768x843.jpg 768w, http:\/\/www.weninger-gems.at\/wp-content\/uploads\/2020\/12\/P1150346.jpg 1375w\" sizes=\"(max-width: 706px) 89vw, (max-width: 767px) 82vw, 740px\" \/><\/figure><\/li><li class=\"blocks-gallery-item\"><figure><img loading=\"lazy\" width=\"640\" height=\"428\" src=\"http:\/\/www.weninger-gems.at\/wp-content\/uploads\/2020\/12\/Peridot1.jpg\" alt=\"\" data-id=\"499\" data-full-url=\"http:\/\/www.weninger-gems.at\/wp-content\/uploads\/2020\/12\/Peridot1.jpg\" data-link=\"http:\/\/www.weninger-gems.at\/?attachment_id=499\" class=\"wp-image-499\" srcset=\"http:\/\/www.weninger-gems.at\/wp-content\/uploads\/2020\/12\/Peridot1.jpg 640w, http:\/\/www.weninger-gems.at\/wp-content\/uploads\/2020\/12\/Peridot1-300x201.jpg 300w\" sizes=\"(max-width: 640px) 100vw, 640px\" \/><\/figure><\/li><\/ul><figcaption class=\"blocks-gallery-caption\">Peridot (Burma) rect. cushion, 11,49ct, intense yellow.green<\/figcaption><\/figure>\n\n\n\n<figure class=\"wp-block-gallery columns-3 is-cropped\"><ul class=\"blocks-gallery-grid\"><li class=\"blocks-gallery-item\"><figure><img loading=\"lazy\" width=\"1024\" height=\"722\" src=\"http:\/\/www.weninger-gems.at\/wp-content\/uploads\/2020\/12\/IMG_4883-1024x722.jpg\" alt=\"\" data-id=\"502\" data-link=\"http:\/\/www.weninger-gems.at\/?attachment_id=502\" class=\"wp-image-502\" srcset=\"http:\/\/www.weninger-gems.at\/wp-content\/uploads\/2020\/12\/IMG_4883-1024x722.jpg 1024w, http:\/\/www.weninger-gems.at\/wp-content\/uploads\/2020\/12\/IMG_4883-300x212.jpg 300w, http:\/\/www.weninger-gems.at\/wp-content\/uploads\/2020\/12\/IMG_4883-768x542.jpg 768w, http:\/\/www.weninger-gems.at\/wp-content\/uploads\/2020\/12\/IMG_4883-1536x1083.jpg 1536w, http:\/\/www.weninger-gems.at\/wp-content\/uploads\/2020\/12\/IMG_4883-2048x1444.jpg 2048w\" sizes=\"(max-width: 706px) 89vw, (max-width: 767px) 82vw, 740px\" \/><\/figure><\/li><li class=\"blocks-gallery-item\"><figure><img loading=\"lazy\" width=\"1024\" height=\"664\" src=\"http:\/\/www.weninger-gems.at\/wp-content\/uploads\/2020\/12\/IMG_4898-1024x664.jpg\" alt=\"\" data-id=\"503\" data-link=\"http:\/\/www.weninger-gems.at\/?attachment_id=503\" class=\"wp-image-503\" srcset=\"http:\/\/www.weninger-gems.at\/wp-content\/uploads\/2020\/12\/IMG_4898-1024x664.jpg 1024w, http:\/\/www.weninger-gems.at\/wp-content\/uploads\/2020\/12\/IMG_4898-300x195.jpg 300w, http:\/\/www.weninger-gems.at\/wp-content\/uploads\/2020\/12\/IMG_4898-768x498.jpg 768w, http:\/\/www.weninger-gems.at\/wp-content\/uploads\/2020\/12\/IMG_4898-1536x996.jpg 1536w, http:\/\/www.weninger-gems.at\/wp-content\/uploads\/2020\/12\/IMG_4898-2048x1328.jpg 2048w\" sizes=\"(max-width: 706px) 89vw, (max-width: 767px) 82vw, 740px\" \/><\/figure><\/li><li class=\"blocks-gallery-item\"><figure><img loading=\"lazy\" width=\"1009\" height=\"620\" src=\"http:\/\/www.weninger-gems.at\/wp-content\/uploads\/2020\/12\/IMG_20190825_152749.jpg\" alt=\"\" data-id=\"504\" data-full-url=\"http:\/\/www.weninger-gems.at\/wp-content\/uploads\/2020\/12\/IMG_20190825_152749.jpg\" data-link=\"http:\/\/www.weninger-gems.at\/?attachment_id=504\" class=\"wp-image-504\" srcset=\"http:\/\/www.weninger-gems.at\/wp-content\/uploads\/2020\/12\/IMG_20190825_152749.jpg 1009w, http:\/\/www.weninger-gems.at\/wp-content\/uploads\/2020\/12\/IMG_20190825_152749-300x184.jpg 300w, http:\/\/www.weninger-gems.at\/wp-content\/uploads\/2020\/12\/IMG_20190825_152749-768x472.jpg 768w\" sizes=\"(max-width: 706px) 89vw, (max-width: 767px) 82vw, 740px\" \/><figcaption class=\"blocks-gallery-item__caption\">edf<\/figcaption><\/figure><\/li><\/ul><figcaption class=\"blocks-gallery-caption\">Peridot P\u00e4rchen (Pakistan) square step cut (carree), 8,69ct<\/figcaption><\/figure>\n\n\n\n<figure class=\"wp-block-gallery columns-3 is-cropped\"><ul class=\"blocks-gallery-grid\"><li class=\"blocks-gallery-item\"><figure><img loading=\"lazy\" width=\"1024\" height=\"877\" src=\"http:\/\/www.weninger-gems.at\/wp-content\/uploads\/2020\/12\/IMG_4911-1024x877.jpg\" alt=\"\" data-id=\"506\" data-link=\"http:\/\/www.weninger-gems.at\/?attachment_id=506\" class=\"wp-image-506\" srcset=\"http:\/\/www.weninger-gems.at\/wp-content\/uploads\/2020\/12\/IMG_4911-1024x877.jpg 1024w, http:\/\/www.weninger-gems.at\/wp-content\/uploads\/2020\/12\/IMG_4911-300x257.jpg 300w, http:\/\/www.weninger-gems.at\/wp-content\/uploads\/2020\/12\/IMG_4911-768x658.jpg 768w, http:\/\/www.weninger-gems.at\/wp-content\/uploads\/2020\/12\/IMG_4911.jpg 1414w\" sizes=\"(max-width: 706px) 89vw, (max-width: 767px) 82vw, 740px\" \/><\/figure><\/li><li class=\"blocks-gallery-item\"><figure><img loading=\"lazy\" width=\"1024\" height=\"836\" src=\"http:\/\/www.weninger-gems.at\/wp-content\/uploads\/2020\/12\/IMG_4909-1024x836.jpg\" alt=\"\" data-id=\"507\" data-link=\"http:\/\/www.weninger-gems.at\/?attachment_id=507\" class=\"wp-image-507\" srcset=\"http:\/\/www.weninger-gems.at\/wp-content\/uploads\/2020\/12\/IMG_4909-1024x836.jpg 1024w, http:\/\/www.weninger-gems.at\/wp-content\/uploads\/2020\/12\/IMG_4909-300x245.jpg 300w, http:\/\/www.weninger-gems.at\/wp-content\/uploads\/2020\/12\/IMG_4909-768x627.jpg 768w, http:\/\/www.weninger-gems.at\/wp-content\/uploads\/2020\/12\/IMG_4909-1536x1254.jpg 1536w, http:\/\/www.weninger-gems.at\/wp-content\/uploads\/2020\/12\/IMG_4909.jpg 2034w\" sizes=\"(max-width: 706px) 89vw, (max-width: 767px) 82vw, 740px\" \/><\/figure><\/li><li class=\"blocks-gallery-item\"><figure><img loading=\"lazy\" width=\"1024\" height=\"869\" src=\"http:\/\/www.weninger-gems.at\/wp-content\/uploads\/2020\/12\/IMG_4912-1024x869.jpg\" alt=\"\" data-id=\"508\" data-full-url=\"http:\/\/www.weninger-gems.at\/wp-content\/uploads\/2020\/12\/IMG_4912.jpg\" data-link=\"http:\/\/www.weninger-gems.at\/?attachment_id=508\" class=\"wp-image-508\" srcset=\"http:\/\/www.weninger-gems.at\/wp-content\/uploads\/2020\/12\/IMG_4912-1024x869.jpg 1024w, http:\/\/www.weninger-gems.at\/wp-content\/uploads\/2020\/12\/IMG_4912-300x255.jpg 300w, http:\/\/www.weninger-gems.at\/wp-content\/uploads\/2020\/12\/IMG_4912-768x652.jpg 768w, http:\/\/www.weninger-gems.at\/wp-content\/uploads\/2020\/12\/IMG_4912-1536x1304.jpg 1536w, http:\/\/www.weninger-gems.at\/wp-content\/uploads\/2020\/12\/IMG_4912-2048x1738.jpg 2048w\" sizes=\"(max-width: 706px) 89vw, (max-width: 767px) 82vw, 740px\" \/><\/figure><\/li><\/ul><figcaption class=\"blocks-gallery-caption\">Peridot cushion (Pakistan) 2,96ct<\/figcaption><\/figure>\n\n\n\n<figure class=\"wp-block-gallery columns-3 is-cropped\"><ul class=\"blocks-gallery-grid\"><li class=\"blocks-gallery-item\"><figure><img loading=\"lazy\" width=\"1024\" height=\"857\" src=\"http:\/\/www.weninger-gems.at\/wp-content\/uploads\/2020\/12\/IMG_5175-1024x857.jpg\" alt=\"\" data-id=\"510\" data-link=\"http:\/\/www.weninger-gems.at\/?attachment_id=510\" class=\"wp-image-510\" srcset=\"http:\/\/www.weninger-gems.at\/wp-content\/uploads\/2020\/12\/IMG_5175-1024x857.jpg 1024w, http:\/\/www.weninger-gems.at\/wp-content\/uploads\/2020\/12\/IMG_5175-300x251.jpg 300w, http:\/\/www.weninger-gems.at\/wp-content\/uploads\/2020\/12\/IMG_5175-768x643.jpg 768w, http:\/\/www.weninger-gems.at\/wp-content\/uploads\/2020\/12\/IMG_5175.jpg 1515w\" sizes=\"(max-width: 706px) 89vw, (max-width: 767px) 82vw, 740px\" \/><\/figure><\/li><li class=\"blocks-gallery-item\"><figure><img loading=\"lazy\" width=\"1024\" height=\"890\" src=\"http:\/\/www.weninger-gems.at\/wp-content\/uploads\/2020\/12\/IMG_5101-1024x890.jpg\" alt=\"\" data-id=\"511\" data-link=\"http:\/\/www.weninger-gems.at\/?attachment_id=511\" class=\"wp-image-511\" srcset=\"http:\/\/www.weninger-gems.at\/wp-content\/uploads\/2020\/12\/IMG_5101-1024x890.jpg 1024w, http:\/\/www.weninger-gems.at\/wp-content\/uploads\/2020\/12\/IMG_5101-300x261.jpg 300w, http:\/\/www.weninger-gems.at\/wp-content\/uploads\/2020\/12\/IMG_5101-768x668.jpg 768w, http:\/\/www.weninger-gems.at\/wp-content\/uploads\/2020\/12\/IMG_5101-1536x1335.jpg 1536w, http:\/\/www.weninger-gems.at\/wp-content\/uploads\/2020\/12\/IMG_5101-2048x1780.jpg 2048w\" sizes=\"(max-width: 706px) 89vw, (max-width: 767px) 82vw, 740px\" \/><\/figure><\/li><li class=\"blocks-gallery-item\"><figure><img loading=\"lazy\" width=\"1003\" height=\"1024\" src=\"http:\/\/www.weninger-gems.at\/wp-content\/uploads\/2020\/12\/IMG_5103-1003x1024.jpg\" alt=\"\" data-id=\"512\" data-full-url=\"http:\/\/www.weninger-gems.at\/wp-content\/uploads\/2020\/12\/IMG_5103-rotated.jpg\" data-link=\"http:\/\/www.weninger-gems.at\/?attachment_id=512\" class=\"wp-image-512\" srcset=\"http:\/\/www.weninger-gems.at\/wp-content\/uploads\/2020\/12\/IMG_5103-1003x1024.jpg 1003w, http:\/\/www.weninger-gems.at\/wp-content\/uploads\/2020\/12\/IMG_5103-294x300.jpg 294w, http:\/\/www.weninger-gems.at\/wp-content\/uploads\/2020\/12\/IMG_5103-768x784.jpg 768w, http:\/\/www.weninger-gems.at\/wp-content\/uploads\/2020\/12\/IMG_5103-1504x1536.jpg 1504w, http:\/\/www.weninger-gems.at\/wp-content\/uploads\/2020\/12\/IMG_5103-rotated.jpg 1757w\" sizes=\"(max-width: 706px) 89vw, (max-width: 767px) 82vw, 740px\" \/><\/figure><\/li><\/ul><figcaption class=\"blocks-gallery-caption\">Peridot (Burma) rund mixed cut, 7,54ct, apfelgr\u00fcn<\/figcaption><\/figure>\n","protected":false},"excerpt":{"rendered":"<p>Der einzigartige grasgr\u00fcne Peridot, speziell bekannt aus Burma und Pakistan, ist ein hochwertiger Edelstein und derzeit noch zu verh\u00e4ltnism\u00e4\u00dfig g\u00fcnstigen Preisen erh\u00e4ltlich&#8230;<\/p>\n","protected":false},"author":1,"featured_media":0,"parent":0,"menu_order":0,"comment_status":"closed","ping_status":"closed","template":"","meta":[],"_links":{"self":[{"href":"http:\/\/www.weninger-gems.at\/index.php?rest_route=\/wp\/v2\/pages\/496"}],"collection":[{"href":"http:\/\/www.weninger-gems.at\/index.php?rest_route=\/wp\/v2\/pages"}],"about":[{"href":"http:\/\/www.weninger-gems.at\/index.php?rest_route=\/wp\/v2\/types\/page"}],"author":[{"embeddable":true,"href":"http:\/\/www.weninger-gems.at\/index.php?rest_route=\/wp\/v2\/users\/1"}],"replies":[{"embeddable":true,"href":"http:\/\/www.weninger-gems.at\/index.php?rest_route=%2Fwp%2Fv2%2Fcomments&post=496"}],"version-history":[{"count":7,"href":"http:\/\/www.weninger-gems.at\/index.php?rest_route=\/wp\/v2\/pages\/496\/revisions"}],"predecessor-version":[{"id":589,"href":"http:\/\/www.weninger-gems.at\/index.php?rest_route=\/wp\/v2\/pages\/496\/revisions\/589"}],"wp:attachment":[{"href":"http:\/\/www.weninger-gems.at\/index.php?rest_route=%2Fwp%2Fv2%2Fmedia&parent=496"}],"curies":[{"name":"wp","href":"https:\/\/api.w.org\/{rel}","templated":true}]}}