{"id":54,"date":"2019-10-28T15:18:47","date_gmt":"2019-10-28T15:18:47","guid":{"rendered":"http:\/\/www.weninger-gems.at\/?page_id=54"},"modified":"2019-10-30T10:41:45","modified_gmt":"2019-10-30T10:41:45","slug":"beratung-zu-schmuck-und-edelsteinen","status":"publish","type":"page","link":"http:\/\/www.weninger-gems.at\/?page_id=54","title":{"rendered":"Beratung zu Schmuck und Edelsteinen"},"content":{"rendered":"\n<p>Sie \u00fcberlegen, welcher Edelstein f\u00fcr Sie der richtige sein k\u00f6nnte? <br>Sie m\u00f6chten Tipps, wie und wo Sie Ihr Traumjuwel am besten erwerben k\u00f6nnen und wie es sich in ein einzigartiges Schmuckst\u00fcck verwandeln l\u00e4sst?<br>Wir beraten Sie.<\/p>\n\n\n\n<div class=\"wp-block-image\"><figure class=\"aligncenter\"><img loading=\"lazy\" width=\"1024\" height=\"724\" src=\"http:\/\/www.weninger-gems.at\/wp-content\/uploads\/2019\/10\/AdobeStock_105875750-1024x724.jpeg\" alt=\"\" class=\"wp-image-275\" srcset=\"http:\/\/www.weninger-gems.at\/wp-content\/uploads\/2019\/10\/AdobeStock_105875750-1024x724.jpeg 1024w, http:\/\/www.weninger-gems.at\/wp-content\/uploads\/2019\/10\/AdobeStock_105875750-300x212.jpeg 300w, http:\/\/www.weninger-gems.at\/wp-content\/uploads\/2019\/10\/AdobeStock_105875750-768x543.jpeg 768w\" sizes=\"(max-width: 706px) 89vw, (max-width: 767px) 82vw, 740px\" \/><\/figure><\/div>\n","protected":false},"excerpt":{"rendered":"<p>Sie \u00fcberlegen, welcher Edelstein f\u00fcr Sie der richtige sein k\u00f6nnte? Sie m\u00f6chten Tipps, wie und wo Sie Ihr Traumjuwel am besten erwerben k\u00f6nnen und wie es sich in ein einzigartiges Schmuckst\u00fcck verwandeln l\u00e4sst?Wir beraten Sie.<\/p>\n","protected":false},"author":1,"featured_media":0,"parent":52,"menu_order":1,"comment_status":"closed","ping_status":"closed","template":"","meta":[],"_links":{"self":[{"href":"http:\/\/www.weninger-gems.at\/index.php?rest_route=\/wp\/v2\/pages\/54"}],"collection":[{"href":"http:\/\/www.weninger-gems.at\/index.php?rest_route=\/wp\/v2\/pages"}],"about":[{"href":"http:\/\/www.weninger-gems.at\/index.php?rest_route=\/wp\/v2\/types\/page"}],"author":[{"embeddable":true,"href":"http:\/\/www.weninger-gems.at\/index.php?rest_route=\/wp\/v2\/users\/1"}],"replies":[{"embeddable":true,"href":"http:\/\/www.weninger-gems.at\/index.php?rest_route=%2Fwp%2Fv2%2Fcomments&post=54"}],"version-history":[{"count":7,"href":"http:\/\/www.weninger-gems.at\/index.php?rest_route=\/wp\/v2\/pages\/54\/revisions"}],"predecessor-version":[{"id":296,"href":"http:\/\/www.weninger-gems.at\/index.php?rest_route=\/wp\/v2\/pages\/54\/revisions\/296"}],"up":[{"embeddable":true,"href":"http:\/\/www.weninger-gems.at\/index.php?rest_route=\/wp\/v2\/pages\/52"}],"wp:attachment":[{"href":"http:\/\/www.weninger-gems.at\/index.php?rest_route=%2Fwp%2Fv2%2Fmedia&parent=54"}],"curies":[{"name":"wp","href":"https:\/\/api.w.org\/{rel}","templated":true}]}}