{"id":548,"date":"2020-12-13T15:26:03","date_gmt":"2020-12-13T15:26:03","guid":{"rendered":"http:\/\/www.weninger-gems.at\/?page_id=548"},"modified":"2020-12-13T19:51:28","modified_gmt":"2020-12-13T19:51:28","slug":"quarze-amethyst-citrin-co","status":"publish","type":"page","link":"http:\/\/www.weninger-gems.at\/?page_id=548","title":{"rendered":"Quarze &#8211; Amethyst, Citrin &#038; Co"},"content":{"rendered":"\n<p>Quarze sind seit langer Zeit beliebte Schmucksteine. Sie geh\u00f6ren nicht zu den seltenen Steinen, sind aber in guten Qualit\u00e4ten durchaus wertvoll. Sie sind relativ g\u00fcnstig in der Anschaffung und vielfach in modernem Schmuck verarbeitet, da auch gr\u00f6\u00dfere St\u00fccke noch leistbar sind! Amethyste sind wegen ihrer violetten Farbe auch in kirchlichem Schmuck oft enthalten.<\/p>\n\n\n\n<figure class=\"wp-block-gallery columns-3 is-cropped\"><ul class=\"blocks-gallery-grid\"><li class=\"blocks-gallery-item\"><figure><img loading=\"lazy\" width=\"1024\" height=\"1014\" src=\"http:\/\/www.weninger-gems.at\/wp-content\/uploads\/2020\/12\/IMG_5325-1024x1014.jpg\" alt=\"\" data-id=\"549\" data-link=\"http:\/\/www.weninger-gems.at\/?attachment_id=549\" class=\"wp-image-549\" srcset=\"http:\/\/www.weninger-gems.at\/wp-content\/uploads\/2020\/12\/IMG_5325-1024x1014.jpg 1024w, http:\/\/www.weninger-gems.at\/wp-content\/uploads\/2020\/12\/IMG_5325-300x297.jpg 300w, http:\/\/www.weninger-gems.at\/wp-content\/uploads\/2020\/12\/IMG_5325-150x150.jpg 150w, http:\/\/www.weninger-gems.at\/wp-content\/uploads\/2020\/12\/IMG_5325-768x761.jpg 768w, http:\/\/www.weninger-gems.at\/wp-content\/uploads\/2020\/12\/IMG_5325-1536x1522.jpg 1536w, http:\/\/www.weninger-gems.at\/wp-content\/uploads\/2020\/12\/IMG_5325-100x100.jpg 100w, http:\/\/www.weninger-gems.at\/wp-content\/uploads\/2020\/12\/IMG_5325.jpg 1928w\" sizes=\"(max-width: 706px) 89vw, (max-width: 767px) 82vw, 740px\" \/><\/figure><\/li><li class=\"blocks-gallery-item\"><figure><img loading=\"lazy\" width=\"1024\" height=\"1018\" src=\"http:\/\/www.weninger-gems.at\/wp-content\/uploads\/2020\/12\/IMG_5308-1024x1018.jpg\" alt=\"\" data-id=\"550\" data-link=\"http:\/\/www.weninger-gems.at\/?attachment_id=550\" class=\"wp-image-550\" srcset=\"http:\/\/www.weninger-gems.at\/wp-content\/uploads\/2020\/12\/IMG_5308-1024x1018.jpg 1024w, http:\/\/www.weninger-gems.at\/wp-content\/uploads\/2020\/12\/IMG_5308-300x298.jpg 300w, http:\/\/www.weninger-gems.at\/wp-content\/uploads\/2020\/12\/IMG_5308-150x150.jpg 150w, http:\/\/www.weninger-gems.at\/wp-content\/uploads\/2020\/12\/IMG_5308-768x763.jpg 768w, http:\/\/www.weninger-gems.at\/wp-content\/uploads\/2020\/12\/IMG_5308-1536x1527.jpg 1536w, http:\/\/www.weninger-gems.at\/wp-content\/uploads\/2020\/12\/IMG_5308-100x100.jpg 100w, http:\/\/www.weninger-gems.at\/wp-content\/uploads\/2020\/12\/IMG_5308.jpg 1875w\" sizes=\"(max-width: 706px) 89vw, (max-width: 767px) 82vw, 740px\" \/><\/figure><\/li><li class=\"blocks-gallery-item\"><figure><img loading=\"lazy\" width=\"985\" height=\"1024\" src=\"http:\/\/www.weninger-gems.at\/wp-content\/uploads\/2020\/12\/IMG_5315-985x1024.jpg\" alt=\"\" data-id=\"551\" data-full-url=\"http:\/\/www.weninger-gems.at\/wp-content\/uploads\/2020\/12\/IMG_5315.jpg\" data-link=\"http:\/\/www.weninger-gems.at\/?attachment_id=551\" class=\"wp-image-551\" srcset=\"http:\/\/www.weninger-gems.at\/wp-content\/uploads\/2020\/12\/IMG_5315-985x1024.jpg 985w, http:\/\/www.weninger-gems.at\/wp-content\/uploads\/2020\/12\/IMG_5315-289x300.jpg 289w, http:\/\/www.weninger-gems.at\/wp-content\/uploads\/2020\/12\/IMG_5315-768x798.jpg 768w, http:\/\/www.weninger-gems.at\/wp-content\/uploads\/2020\/12\/IMG_5315-1478x1536.jpg 1478w, http:\/\/www.weninger-gems.at\/wp-content\/uploads\/2020\/12\/IMG_5315.jpg 1755w\" sizes=\"(max-width: 706px) 89vw, (max-width: 767px) 82vw, 740px\" \/><\/figure><\/li><\/ul><figcaption class=\"blocks-gallery-caption\">Madeira-Citrin, sqare cushion, 3,96ct, ca. 10x10mm (intense brownish yellow)<\/figcaption><\/figure>\n\n\n\n<figure class=\"wp-block-gallery columns-3 is-cropped\"><ul class=\"blocks-gallery-grid\"><li class=\"blocks-gallery-item\"><figure><img loading=\"lazy\" width=\"912\" height=\"1024\" src=\"http:\/\/www.weninger-gems.at\/wp-content\/uploads\/2020\/12\/IMG_5815-912x1024.jpg\" alt=\"\" data-id=\"554\" data-link=\"http:\/\/www.weninger-gems.at\/?attachment_id=554\" class=\"wp-image-554\" srcset=\"http:\/\/www.weninger-gems.at\/wp-content\/uploads\/2020\/12\/IMG_5815-912x1024.jpg 912w, http:\/\/www.weninger-gems.at\/wp-content\/uploads\/2020\/12\/IMG_5815-267x300.jpg 267w, http:\/\/www.weninger-gems.at\/wp-content\/uploads\/2020\/12\/IMG_5815-768x862.jpg 768w, http:\/\/www.weninger-gems.at\/wp-content\/uploads\/2020\/12\/IMG_5815.jpg 1237w\" sizes=\"(max-width: 706px) 89vw, (max-width: 767px) 82vw, 740px\" \/><\/figure><\/li><li class=\"blocks-gallery-item\"><figure><img loading=\"lazy\" width=\"818\" height=\"1024\" src=\"http:\/\/www.weninger-gems.at\/wp-content\/uploads\/2020\/12\/IMG_5828-818x1024.jpg\" alt=\"\" data-id=\"555\" data-link=\"http:\/\/www.weninger-gems.at\/?attachment_id=555\" class=\"wp-image-555\" srcset=\"http:\/\/www.weninger-gems.at\/wp-content\/uploads\/2020\/12\/IMG_5828-818x1024.jpg 818w, http:\/\/www.weninger-gems.at\/wp-content\/uploads\/2020\/12\/IMG_5828-240x300.jpg 240w, http:\/\/www.weninger-gems.at\/wp-content\/uploads\/2020\/12\/IMG_5828-768x962.jpg 768w, http:\/\/www.weninger-gems.at\/wp-content\/uploads\/2020\/12\/IMG_5828.jpg 1213w\" sizes=\"(max-width: 706px) 89vw, (max-width: 767px) 82vw, 740px\" \/><\/figure><\/li><li class=\"blocks-gallery-item\"><figure><img loading=\"lazy\" width=\"1024\" height=\"910\" src=\"http:\/\/www.weninger-gems.at\/wp-content\/uploads\/2020\/12\/Bergkristall1-1024x910.jpg\" alt=\"\" data-id=\"556\" data-full-url=\"http:\/\/www.weninger-gems.at\/wp-content\/uploads\/2020\/12\/Bergkristall1.jpg\" data-link=\"http:\/\/www.weninger-gems.at\/?attachment_id=556\" class=\"wp-image-556\" srcset=\"http:\/\/www.weninger-gems.at\/wp-content\/uploads\/2020\/12\/Bergkristall1-1024x910.jpg 1024w, http:\/\/www.weninger-gems.at\/wp-content\/uploads\/2020\/12\/Bergkristall1-300x267.jpg 300w, http:\/\/www.weninger-gems.at\/wp-content\/uploads\/2020\/12\/Bergkristall1-768x683.jpg 768w, http:\/\/www.weninger-gems.at\/wp-content\/uploads\/2020\/12\/Bergkristall1-1536x1366.jpg 1536w, http:\/\/www.weninger-gems.at\/wp-content\/uploads\/2020\/12\/Bergkristall1.jpg 1605w\" sizes=\"(max-width: 706px) 89vw, (max-width: 767px) 82vw, 740px\" \/><\/figure><\/li><\/ul><figcaption class=\"blocks-gallery-caption\">Bergkristall, round mixed cut, 3,23ct<\/figcaption><\/figure>\n\n\n\n<figure class=\"wp-block-gallery columns-3 is-cropped\"><ul class=\"blocks-gallery-grid\"><li class=\"blocks-gallery-item\"><figure><img loading=\"lazy\" width=\"700\" height=\"522\" src=\"http:\/\/www.weninger-gems.at\/wp-content\/uploads\/2020\/12\/Ametyst2.jpg\" alt=\"\" data-id=\"570\" data-link=\"http:\/\/www.weninger-gems.at\/?attachment_id=570\" class=\"wp-image-570\" srcset=\"http:\/\/www.weninger-gems.at\/wp-content\/uploads\/2020\/12\/Ametyst2.jpg 700w, http:\/\/www.weninger-gems.at\/wp-content\/uploads\/2020\/12\/Ametyst2-300x224.jpg 300w\" sizes=\"(max-width: 700px) 100vw, 700px\" \/><\/figure><\/li><li class=\"blocks-gallery-item\"><figure><img loading=\"lazy\" width=\"700\" height=\"525\" src=\"http:\/\/www.weninger-gems.at\/wp-content\/uploads\/2020\/12\/Ametyst1.jpg\" alt=\"\" data-id=\"571\" data-link=\"http:\/\/www.weninger-gems.at\/?attachment_id=571\" class=\"wp-image-571\" srcset=\"http:\/\/www.weninger-gems.at\/wp-content\/uploads\/2020\/12\/Ametyst1.jpg 700w, http:\/\/www.weninger-gems.at\/wp-content\/uploads\/2020\/12\/Ametyst1-300x225.jpg 300w\" sizes=\"(max-width: 700px) 100vw, 700px\" \/><\/figure><\/li><li class=\"blocks-gallery-item\"><figure><img loading=\"lazy\" width=\"700\" height=\"525\" src=\"http:\/\/www.weninger-gems.at\/wp-content\/uploads\/2020\/12\/Ametyst3.jpg\" alt=\"\" data-id=\"572\" data-full-url=\"http:\/\/www.weninger-gems.at\/wp-content\/uploads\/2020\/12\/Ametyst3.jpg\" data-link=\"http:\/\/www.weninger-gems.at\/?attachment_id=572\" class=\"wp-image-572\" srcset=\"http:\/\/www.weninger-gems.at\/wp-content\/uploads\/2020\/12\/Ametyst3.jpg 700w, http:\/\/www.weninger-gems.at\/wp-content\/uploads\/2020\/12\/Ametyst3-300x225.jpg 300w\" sizes=\"(max-width: 700px) 100vw, 700px\" \/><\/figure><\/li><\/ul><figcaption class=\"blocks-gallery-caption\"> 3 Amethyste rund Cabochons, 23,72ct (je ca.12mm), fast rein<\/figcaption><\/figure>\n","protected":false},"excerpt":{"rendered":"<p>Quarze sind seit langer Zeit beliebte Schmucksteine. Sie geh\u00f6ren nicht zu den seltenen Steinen, sind aber in guten Qualit\u00e4ten durchaus wertvoll. Sie sind relativ g\u00fcnstig in der Anschaffung und vielfach in modernem Schmuck verarbeitet, da auch gr\u00f6\u00dfere St\u00fccke noch leistbar sind! Amethyste sind wegen ihrer violetten Farbe auch in kirchlichem Schmuck oft enthalten.<\/p>\n","protected":false},"author":1,"featured_media":0,"parent":0,"menu_order":0,"comment_status":"closed","ping_status":"closed","template":"","meta":[],"_links":{"self":[{"href":"http:\/\/www.weninger-gems.at\/index.php?rest_route=\/wp\/v2\/pages\/548"}],"collection":[{"href":"http:\/\/www.weninger-gems.at\/index.php?rest_route=\/wp\/v2\/pages"}],"about":[{"href":"http:\/\/www.weninger-gems.at\/index.php?rest_route=\/wp\/v2\/types\/page"}],"author":[{"embeddable":true,"href":"http:\/\/www.weninger-gems.at\/index.php?rest_route=\/wp\/v2\/users\/1"}],"replies":[{"embeddable":true,"href":"http:\/\/www.weninger-gems.at\/index.php?rest_route=%2Fwp%2Fv2%2Fcomments&post=548"}],"version-history":[{"count":6,"href":"http:\/\/www.weninger-gems.at\/index.php?rest_route=\/wp\/v2\/pages\/548\/revisions"}],"predecessor-version":[{"id":592,"href":"http:\/\/www.weninger-gems.at\/index.php?rest_route=\/wp\/v2\/pages\/548\/revisions\/592"}],"wp:attachment":[{"href":"http:\/\/www.weninger-gems.at\/index.php?rest_route=%2Fwp%2Fv2%2Fmedia&parent=548"}],"curies":[{"name":"wp","href":"https:\/\/api.w.org\/{rel}","templated":true}]}}