{"id":558,"date":"2020-12-13T16:22:41","date_gmt":"2020-12-13T16:22:41","guid":{"rendered":"http:\/\/www.weninger-gems.at\/?page_id=558"},"modified":"2020-12-13T19:36:56","modified_gmt":"2020-12-13T19:36:56","slug":"aquamarine","status":"publish","type":"page","link":"http:\/\/www.weninger-gems.at\/?page_id=558","title":{"rendered":"Aquamarine"},"content":{"rendered":"\n<p>Blaue Vari\u00e4t des Minerals Beryll, zu dem auch die Smaragde geh\u00f6ren. Von gr\u00fcnlich-blau bis tiefblau (Santa Maria Blau) z\u00e4hlt die Farbpalette, dieser sehr beliebten Edelsteine. <\/p>\n\n\n\n<figure class=\"wp-block-gallery columns-3 is-cropped\"><ul class=\"blocks-gallery-grid\"><li class=\"blocks-gallery-item\"><figure><img loading=\"lazy\" width=\"1024\" height=\"859\" src=\"http:\/\/www.weninger-gems.at\/wp-content\/uploads\/2020\/12\/IMG_5061-1024x859.jpg\" alt=\"\" data-id=\"559\" data-link=\"http:\/\/www.weninger-gems.at\/?attachment_id=559\" class=\"wp-image-559\" srcset=\"http:\/\/www.weninger-gems.at\/wp-content\/uploads\/2020\/12\/IMG_5061-1024x859.jpg 1024w, http:\/\/www.weninger-gems.at\/wp-content\/uploads\/2020\/12\/IMG_5061-300x252.jpg 300w, http:\/\/www.weninger-gems.at\/wp-content\/uploads\/2020\/12\/IMG_5061-768x644.jpg 768w, http:\/\/www.weninger-gems.at\/wp-content\/uploads\/2020\/12\/IMG_5061-1536x1288.jpg 1536w, http:\/\/www.weninger-gems.at\/wp-content\/uploads\/2020\/12\/IMG_5061-2048x1718.jpg 2048w\" sizes=\"(max-width: 706px) 89vw, (max-width: 767px) 82vw, 740px\" \/><\/figure><\/li><li class=\"blocks-gallery-item\"><figure><img loading=\"lazy\" width=\"1024\" height=\"959\" src=\"http:\/\/www.weninger-gems.at\/wp-content\/uploads\/2020\/12\/IMG_4421-1024x959.jpg\" alt=\"\" data-id=\"560\" data-link=\"http:\/\/www.weninger-gems.at\/?attachment_id=560\" class=\"wp-image-560\" srcset=\"http:\/\/www.weninger-gems.at\/wp-content\/uploads\/2020\/12\/IMG_4421-1024x959.jpg 1024w, http:\/\/www.weninger-gems.at\/wp-content\/uploads\/2020\/12\/IMG_4421-300x281.jpg 300w, http:\/\/www.weninger-gems.at\/wp-content\/uploads\/2020\/12\/IMG_4421-768x719.jpg 768w, http:\/\/www.weninger-gems.at\/wp-content\/uploads\/2020\/12\/IMG_4421-1536x1438.jpg 1536w, http:\/\/www.weninger-gems.at\/wp-content\/uploads\/2020\/12\/IMG_4421-2048x1918.jpg 2048w\" sizes=\"(max-width: 706px) 89vw, (max-width: 767px) 82vw, 740px\" \/><\/figure><\/li><li class=\"blocks-gallery-item\"><figure><img loading=\"lazy\" width=\"1021\" height=\"1024\" src=\"http:\/\/www.weninger-gems.at\/wp-content\/uploads\/2020\/12\/IMG_4424-1021x1024.jpg\" alt=\"\" data-id=\"562\" data-full-url=\"http:\/\/www.weninger-gems.at\/wp-content\/uploads\/2020\/12\/IMG_4424.jpg\" data-link=\"http:\/\/www.weninger-gems.at\/?attachment_id=562\" class=\"wp-image-562\" srcset=\"http:\/\/www.weninger-gems.at\/wp-content\/uploads\/2020\/12\/IMG_4424-1021x1024.jpg 1021w, http:\/\/www.weninger-gems.at\/wp-content\/uploads\/2020\/12\/IMG_4424-300x300.jpg 300w, http:\/\/www.weninger-gems.at\/wp-content\/uploads\/2020\/12\/IMG_4424-150x150.jpg 150w, http:\/\/www.weninger-gems.at\/wp-content\/uploads\/2020\/12\/IMG_4424-768x770.jpg 768w, http:\/\/www.weninger-gems.at\/wp-content\/uploads\/2020\/12\/IMG_4424-1532x1536.jpg 1532w, http:\/\/www.weninger-gems.at\/wp-content\/uploads\/2020\/12\/IMG_4424-2043x2048.jpg 2043w, http:\/\/www.weninger-gems.at\/wp-content\/uploads\/2020\/12\/IMG_4424-100x100.jpg 100w\" sizes=\"(max-width: 706px) 89vw, (max-width: 767px) 82vw, 740px\" \/><\/figure><\/li><\/ul><figcaption class=\"blocks-gallery-caption\">Aquamarin, med.blue, pear facet., 15,44ct augenrein<\/figcaption><\/figure>\n\n\n\n<figure class=\"wp-block-gallery columns-2 is-cropped\"><ul class=\"blocks-gallery-grid\"><li class=\"blocks-gallery-item\"><figure><img loading=\"lazy\" width=\"1024\" height=\"884\" src=\"http:\/\/www.weninger-gems.at\/wp-content\/uploads\/2020\/12\/IMG_4444-1024x884.jpg\" alt=\"\" data-id=\"563\" data-link=\"http:\/\/www.weninger-gems.at\/?attachment_id=563\" class=\"wp-image-563\" srcset=\"http:\/\/www.weninger-gems.at\/wp-content\/uploads\/2020\/12\/IMG_4444-1024x884.jpg 1024w, http:\/\/www.weninger-gems.at\/wp-content\/uploads\/2020\/12\/IMG_4444-300x259.jpg 300w, http:\/\/www.weninger-gems.at\/wp-content\/uploads\/2020\/12\/IMG_4444-768x663.jpg 768w, http:\/\/www.weninger-gems.at\/wp-content\/uploads\/2020\/12\/IMG_4444-1536x1327.jpg 1536w, http:\/\/www.weninger-gems.at\/wp-content\/uploads\/2020\/12\/IMG_4444-2048x1769.jpg 2048w\" sizes=\"(max-width: 706px) 89vw, (max-width: 767px) 82vw, 740px\" \/><\/figure><\/li><li class=\"blocks-gallery-item\"><figure><img loading=\"lazy\" width=\"1024\" height=\"683\" src=\"http:\/\/www.weninger-gems.at\/wp-content\/uploads\/2020\/12\/IMG_4441-1024x683.jpg\" alt=\"\" data-id=\"564\" data-full-url=\"http:\/\/www.weninger-gems.at\/wp-content\/uploads\/2020\/12\/IMG_4441-scaled.jpg\" data-link=\"http:\/\/www.weninger-gems.at\/?attachment_id=564\" class=\"wp-image-564\" srcset=\"http:\/\/www.weninger-gems.at\/wp-content\/uploads\/2020\/12\/IMG_4441-1024x683.jpg 1024w, http:\/\/www.weninger-gems.at\/wp-content\/uploads\/2020\/12\/IMG_4441-300x200.jpg 300w, http:\/\/www.weninger-gems.at\/wp-content\/uploads\/2020\/12\/IMG_4441-768x512.jpg 768w, http:\/\/www.weninger-gems.at\/wp-content\/uploads\/2020\/12\/IMG_4441-1536x1024.jpg 1536w, http:\/\/www.weninger-gems.at\/wp-content\/uploads\/2020\/12\/IMG_4441-2048x1365.jpg 2048w\" sizes=\"(max-width: 706px) 89vw, (max-width: 767px) 82vw, 740px\" \/><\/figure><\/li><\/ul><figcaption class=\"blocks-gallery-caption\">Aquamarin P\u00e4rchen, med.blue, emerald cut, 4,72ct augenrein<\/figcaption><\/figure>\n\n\n\n<figure class=\"wp-block-gallery columns-3 is-cropped\"><ul class=\"blocks-gallery-grid\"><li class=\"blocks-gallery-item\"><figure><img loading=\"lazy\" width=\"1024\" height=\"735\" src=\"http:\/\/www.weninger-gems.at\/wp-content\/uploads\/2020\/12\/IMG_4218-1024x735.jpg\" alt=\"\" data-id=\"565\" data-link=\"http:\/\/www.weninger-gems.at\/?attachment_id=565\" class=\"wp-image-565\" srcset=\"http:\/\/www.weninger-gems.at\/wp-content\/uploads\/2020\/12\/IMG_4218-1024x735.jpg 1024w, http:\/\/www.weninger-gems.at\/wp-content\/uploads\/2020\/12\/IMG_4218-300x215.jpg 300w, http:\/\/www.weninger-gems.at\/wp-content\/uploads\/2020\/12\/IMG_4218-768x552.jpg 768w, http:\/\/www.weninger-gems.at\/wp-content\/uploads\/2020\/12\/IMG_4218-1536x1103.jpg 1536w, http:\/\/www.weninger-gems.at\/wp-content\/uploads\/2020\/12\/IMG_4218-2048x1471.jpg 2048w\" sizes=\"(max-width: 706px) 89vw, (max-width: 767px) 82vw, 740px\" \/><\/figure><\/li><li class=\"blocks-gallery-item\"><figure><img loading=\"lazy\" width=\"1024\" height=\"680\" src=\"http:\/\/www.weninger-gems.at\/wp-content\/uploads\/2020\/12\/IMG_4214-1024x680.jpg\" alt=\"\" data-id=\"566\" data-link=\"http:\/\/www.weninger-gems.at\/?attachment_id=566\" class=\"wp-image-566\" srcset=\"http:\/\/www.weninger-gems.at\/wp-content\/uploads\/2020\/12\/IMG_4214-1024x680.jpg 1024w, http:\/\/www.weninger-gems.at\/wp-content\/uploads\/2020\/12\/IMG_4214-300x199.jpg 300w, http:\/\/www.weninger-gems.at\/wp-content\/uploads\/2020\/12\/IMG_4214-768x510.jpg 768w, http:\/\/www.weninger-gems.at\/wp-content\/uploads\/2020\/12\/IMG_4214-1536x1020.jpg 1536w, http:\/\/www.weninger-gems.at\/wp-content\/uploads\/2020\/12\/IMG_4214-2048x1361.jpg 2048w\" sizes=\"(max-width: 706px) 89vw, (max-width: 767px) 82vw, 740px\" \/><\/figure><\/li><li class=\"blocks-gallery-item\"><figure><img loading=\"lazy\" width=\"1024\" height=\"683\" src=\"http:\/\/www.weninger-gems.at\/wp-content\/uploads\/2020\/12\/IMG_4223-1024x683.jpg\" alt=\"\" data-id=\"567\" data-full-url=\"http:\/\/www.weninger-gems.at\/wp-content\/uploads\/2020\/12\/IMG_4223-scaled.jpg\" data-link=\"http:\/\/www.weninger-gems.at\/?attachment_id=567\" class=\"wp-image-567\" srcset=\"http:\/\/www.weninger-gems.at\/wp-content\/uploads\/2020\/12\/IMG_4223-1024x683.jpg 1024w, http:\/\/www.weninger-gems.at\/wp-content\/uploads\/2020\/12\/IMG_4223-300x200.jpg 300w, http:\/\/www.weninger-gems.at\/wp-content\/uploads\/2020\/12\/IMG_4223-768x512.jpg 768w, http:\/\/www.weninger-gems.at\/wp-content\/uploads\/2020\/12\/IMG_4223-1536x1024.jpg 1536w, http:\/\/www.weninger-gems.at\/wp-content\/uploads\/2020\/12\/IMG_4223-2048x1365.jpg 2048w\" sizes=\"(max-width: 706px) 89vw, (max-width: 767px) 82vw, 740px\" \/><\/figure><\/li><\/ul><figcaption class=\"blocks-gallery-caption\">Aquamarin P\u00e4rchen, med.blue, oval Cabochon, 16,60ct <\/figcaption><\/figure>\n\n\n\n<p><\/p>\n","protected":false},"excerpt":{"rendered":"<p>Blaue Vari\u00e4t des Minerals Beryll, zu dem auch die Smaragde geh\u00f6ren. Von gr\u00fcnlich-blau bis tiefblau (Santa Maria Blau) z\u00e4hlt die Farbpalette, dieser sehr beliebten Edelsteine.<\/p>\n","protected":false},"author":1,"featured_media":0,"parent":0,"menu_order":0,"comment_status":"closed","ping_status":"closed","template":"","meta":[],"_links":{"self":[{"href":"http:\/\/www.weninger-gems.at\/index.php?rest_route=\/wp\/v2\/pages\/558"}],"collection":[{"href":"http:\/\/www.weninger-gems.at\/index.php?rest_route=\/wp\/v2\/pages"}],"about":[{"href":"http:\/\/www.weninger-gems.at\/index.php?rest_route=\/wp\/v2\/types\/page"}],"author":[{"embeddable":true,"href":"http:\/\/www.weninger-gems.at\/index.php?rest_route=\/wp\/v2\/users\/1"}],"replies":[{"embeddable":true,"href":"http:\/\/www.weninger-gems.at\/index.php?rest_route=%2Fwp%2Fv2%2Fcomments&post=558"}],"version-history":[{"count":2,"href":"http:\/\/www.weninger-gems.at\/index.php?rest_route=\/wp\/v2\/pages\/558\/revisions"}],"predecessor-version":[{"id":577,"href":"http:\/\/www.weninger-gems.at\/index.php?rest_route=\/wp\/v2\/pages\/558\/revisions\/577"}],"wp:attachment":[{"href":"http:\/\/www.weninger-gems.at\/index.php?rest_route=%2Fwp%2Fv2%2Fmedia&parent=558"}],"curies":[{"name":"wp","href":"https:\/\/api.w.org\/{rel}","templated":true}]}}