{"id":62,"date":"2019-10-28T15:25:18","date_gmt":"2019-10-28T15:25:18","guid":{"rendered":"http:\/\/www.weninger-gems.at\/?page_id=62"},"modified":"2019-10-30T10:40:06","modified_gmt":"2019-10-30T10:40:06","slug":"diamanten","status":"publish","type":"page","link":"http:\/\/www.weninger-gems.at\/?page_id=62","title":{"rendered":"Diamanten"},"content":{"rendered":"\n<p>Diamanten sind nach wie vor die beliebtesten Edelsteine &#8211; f\u00fcr den Schmuckliebhaber ebenso wie f\u00fcr die Investorin, als Geschenk an sich selbst oder f\u00fcr die liebsten Menschen. <br>Neben wei\u00dfen Diamanten im gew\u00fcnschten Farb- und Reinheitsgrad erhalten Sie bei uns auch Fancy Diamonds in (nahezu) allen Farbt\u00f6nen.<\/p>\n\n\n\n<ul class=\"wp-block-gallery columns-2 is-cropped\"><li class=\"blocks-gallery-item\"><figure><img loading=\"lazy\" width=\"1024\" height=\"1024\" src=\"http:\/\/www.weninger-gems.at\/wp-content\/uploads\/2019\/10\/AdobeStock_80600278-1024x1024.jpeg\" alt=\"\" data-id=\"261\" data-link=\"http:\/\/www.weninger-gems.at\/?attachment_id=261\" class=\"wp-image-261\" srcset=\"http:\/\/www.weninger-gems.at\/wp-content\/uploads\/2019\/10\/AdobeStock_80600278-1024x1024.jpeg 1024w, http:\/\/www.weninger-gems.at\/wp-content\/uploads\/2019\/10\/AdobeStock_80600278-150x150.jpeg 150w, http:\/\/www.weninger-gems.at\/wp-content\/uploads\/2019\/10\/AdobeStock_80600278-300x300.jpeg 300w, http:\/\/www.weninger-gems.at\/wp-content\/uploads\/2019\/10\/AdobeStock_80600278-768x768.jpeg 768w, http:\/\/www.weninger-gems.at\/wp-content\/uploads\/2019\/10\/AdobeStock_80600278-100x100.jpeg 100w\" sizes=\"(max-width: 706px) 89vw, (max-width: 767px) 82vw, 740px\" \/><\/figure><\/li><li class=\"blocks-gallery-item\"><figure><img loading=\"lazy\" width=\"745\" height=\"1024\" src=\"http:\/\/www.weninger-gems.at\/wp-content\/uploads\/2019\/10\/AdobeStock_180312033-745x1024.jpeg\" alt=\"\" data-id=\"262\" data-link=\"http:\/\/www.weninger-gems.at\/?attachment_id=262\" class=\"wp-image-262\" srcset=\"http:\/\/www.weninger-gems.at\/wp-content\/uploads\/2019\/10\/AdobeStock_180312033-745x1024.jpeg 745w, http:\/\/www.weninger-gems.at\/wp-content\/uploads\/2019\/10\/AdobeStock_180312033-218x300.jpeg 218w, http:\/\/www.weninger-gems.at\/wp-content\/uploads\/2019\/10\/AdobeStock_180312033-768x1056.jpeg 768w\" sizes=\"(max-width: 706px) 89vw, (max-width: 767px) 82vw, 740px\" \/><\/figure><\/li><\/ul>\n\n\n\n<p style=\"text-align:center\" class=\"has-medium-font-size\">Welcher ist Ihr pers\u00f6nlicher Lieblingsschliff?<\/p>\n\n\n\n<div class=\"wp-block-image\"><figure class=\"aligncenter\"><img loading=\"lazy\" width=\"1024\" height=\"683\" src=\"http:\/\/www.weninger-gems.at\/wp-content\/uploads\/2019\/10\/AdobeStock_267150908-1024x683.jpeg\" alt=\"\" class=\"wp-image-265\" srcset=\"http:\/\/www.weninger-gems.at\/wp-content\/uploads\/2019\/10\/AdobeStock_267150908-1024x683.jpeg 1024w, http:\/\/www.weninger-gems.at\/wp-content\/uploads\/2019\/10\/AdobeStock_267150908-300x200.jpeg 300w, http:\/\/www.weninger-gems.at\/wp-content\/uploads\/2019\/10\/AdobeStock_267150908-768x512.jpeg 768w\" sizes=\"(max-width: 706px) 89vw, (max-width: 767px) 82vw, 740px\" \/><\/figure><\/div>\n","protected":false},"excerpt":{"rendered":"<p>Diamanten sind nach wie vor die beliebtesten Edelsteine &#8211; f\u00fcr den Schmuckliebhaber ebenso wie f\u00fcr die Investorin, als Geschenk an sich selbst oder f\u00fcr die liebsten Menschen. Neben wei\u00dfen Diamanten im gew\u00fcnschten Farb- und Reinheitsgrad erhalten Sie bei uns auch Fancy Diamonds in (nahezu) allen Farbt\u00f6nen. Welcher ist Ihr pers\u00f6nlicher Lieblingsschliff?<\/p>\n","protected":false},"author":1,"featured_media":0,"parent":48,"menu_order":0,"comment_status":"closed","ping_status":"closed","template":"","meta":[],"_links":{"self":[{"href":"http:\/\/www.weninger-gems.at\/index.php?rest_route=\/wp\/v2\/pages\/62"}],"collection":[{"href":"http:\/\/www.weninger-gems.at\/index.php?rest_route=\/wp\/v2\/pages"}],"about":[{"href":"http:\/\/www.weninger-gems.at\/index.php?rest_route=\/wp\/v2\/types\/page"}],"author":[{"embeddable":true,"href":"http:\/\/www.weninger-gems.at\/index.php?rest_route=\/wp\/v2\/users\/1"}],"replies":[{"embeddable":true,"href":"http:\/\/www.weninger-gems.at\/index.php?rest_route=%2Fwp%2Fv2%2Fcomments&post=62"}],"version-history":[{"count":7,"href":"http:\/\/www.weninger-gems.at\/index.php?rest_route=\/wp\/v2\/pages\/62\/revisions"}],"predecessor-version":[{"id":295,"href":"http:\/\/www.weninger-gems.at\/index.php?rest_route=\/wp\/v2\/pages\/62\/revisions\/295"}],"up":[{"embeddable":true,"href":"http:\/\/www.weninger-gems.at\/index.php?rest_route=\/wp\/v2\/pages\/48"}],"wp:attachment":[{"href":"http:\/\/www.weninger-gems.at\/index.php?rest_route=%2Fwp%2Fv2%2Fmedia&parent=62"}],"curies":[{"name":"wp","href":"https:\/\/api.w.org\/{rel}","templated":true}]}}