{"id":9,"date":"2019-10-28T14:38:43","date_gmt":"2019-10-28T14:38:43","guid":{"rendered":"http:\/\/www.weninger-gems.at\/?page_id=9"},"modified":"2019-10-29T16:00:10","modified_gmt":"2019-10-29T16:00:10","slug":"ueber-mich","status":"publish","type":"page","link":"http:\/\/www.weninger-gems.at\/?page_id=9","title":{"rendered":"\u00dcber uns"},"content":{"rendered":"\n<figure class=\"wp-block-image\"><img loading=\"lazy\" width=\"200\" height=\"300\" src=\"http:\/\/www.weninger-gems.at\/wp-content\/uploads\/2019\/10\/weninger-zt-8940-200x300.jpg\" alt=\"\" class=\"wp-image-204\" srcset=\"http:\/\/www.weninger-gems.at\/wp-content\/uploads\/2019\/10\/weninger-zt-8940-200x300.jpg 200w, http:\/\/www.weninger-gems.at\/wp-content\/uploads\/2019\/10\/weninger-zt-8940-768x1152.jpg 768w, http:\/\/www.weninger-gems.at\/wp-content\/uploads\/2019\/10\/weninger-zt-8940-683x1024.jpg 683w\" sizes=\"(max-width: 200px) 100vw, 200px\" \/><\/figure>\n\n\n<h5>GESCH\u00c4FTSF\u00dcHRUNG<\/h5>\n<p>Bernhard Weninger ist studierter Bauingenieur und arbeitet als selbst\u00e4ndiger Ziviltechniker in \u00d6sterreich. Vor einigen Jahren entdeckte er seine Leidenschaft f\u00fcr die Welt der Edelsteine, Perlen und aufregenden Schmuckkreationen.\u00a0<br \/>Seither widmet er sich intensiv der Gemmologie in all ihren Facetten und ist auf Schmuck- und Edelsteinmessen in der ganzen Welt zu finden. <br \/>Er ist Mitglied der gemmologischen Gesellschaften in Deutschland und \u00d6sterreich und hat\u00a0 Fachausbildungen in Idar-Oberstein (Zentrum der Edelsteine in D), Linz (\u00d6) sowie in den USA am Gemological Institute of America (GIA) abgeschlossen.\u00a0<\/p>\n\n\n<div class=\"wp-block-image\"><figure class=\"aligncenter\"><img loading=\"lazy\" width=\"300\" height=\"252\" src=\"http:\/\/www.weninger-gems.at\/wp-content\/uploads\/2019\/10\/IMG_0555CUT-300x252.jpg\" alt=\"\" class=\"wp-image-151\" srcset=\"http:\/\/www.weninger-gems.at\/wp-content\/uploads\/2019\/10\/IMG_0555CUT-300x252.jpg 300w, http:\/\/www.weninger-gems.at\/wp-content\/uploads\/2019\/10\/IMG_0555CUT-768x645.jpg 768w, http:\/\/www.weninger-gems.at\/wp-content\/uploads\/2019\/10\/IMG_0555CUT.jpg 830w\" sizes=\"(max-width: 300px) 100vw, 300px\" \/><\/figure><\/div>\n\n\n\n<p><\/p>\n","protected":false},"excerpt":{"rendered":"<p>GESCH\u00c4FTSF\u00dcHRUNG Bernhard Weninger ist studierter Bauingenieur und arbeitet als selbst\u00e4ndiger Ziviltechniker in \u00d6sterreich. Vor einigen Jahren entdeckte er seine Leidenschaft f\u00fcr die Welt der Edelsteine, Perlen und aufregenden Schmuckkreationen.\u00a0Seither widmet er sich intensiv der Gemmologie in all ihren Facetten und ist auf Schmuck- und Edelsteinmessen in der ganzen Welt zu finden. Er ist Mitglied der &hellip; <\/p>\n<p class=\"link-more\"><a href=\"http:\/\/www.weninger-gems.at\/?page_id=9\" class=\"more-link\"><span class=\"screen-reader-text\">\u201e\u00dcber uns\u201c<\/span> weiterlesen<\/a><\/p>\n","protected":false},"author":1,"featured_media":0,"parent":0,"menu_order":0,"comment_status":"closed","ping_status":"closed","template":"","meta":[],"_links":{"self":[{"href":"http:\/\/www.weninger-gems.at\/index.php?rest_route=\/wp\/v2\/pages\/9"}],"collection":[{"href":"http:\/\/www.weninger-gems.at\/index.php?rest_route=\/wp\/v2\/pages"}],"about":[{"href":"http:\/\/www.weninger-gems.at\/index.php?rest_route=\/wp\/v2\/types\/page"}],"author":[{"embeddable":true,"href":"http:\/\/www.weninger-gems.at\/index.php?rest_route=\/wp\/v2\/users\/1"}],"replies":[{"embeddable":true,"href":"http:\/\/www.weninger-gems.at\/index.php?rest_route=%2Fwp%2Fv2%2Fcomments&post=9"}],"version-history":[{"count":11,"href":"http:\/\/www.weninger-gems.at\/index.php?rest_route=\/wp\/v2\/pages\/9\/revisions"}],"predecessor-version":[{"id":206,"href":"http:\/\/www.weninger-gems.at\/index.php?rest_route=\/wp\/v2\/pages\/9\/revisions\/206"}],"wp:attachment":[{"href":"http:\/\/www.weninger-gems.at\/index.php?rest_route=%2Fwp%2Fv2%2Fmedia&parent=9"}],"curies":[{"name":"wp","href":"https:\/\/api.w.org\/{rel}","templated":true}]}}